{"id":37,"date":"2017-04-29T10:33:34","date_gmt":"2017-04-29T10:33:34","guid":{"rendered":"http:\/\/west-ost-institut.de\/?page_id=37"},"modified":"2022-10-24T11:09:43","modified_gmt":"2022-10-24T11:09:43","slug":"wissenschaften-forschung-%d0%b8%d1%81%d1%81%d0%bb%d0%b5%d0%b4%d0%be%d0%b2%d0%b0%d0%bd%d0%b8%d1%8f-%d0%b8-%d0%bd%d0%b0%d1%83%d0%ba%d0%b0","status":"publish","type":"page","link":"https:\/\/westost.eu\/?page_id=37","title":{"rendered":"Wissenschaft und Forschung \/ \u0418\u0441\u0441\u043b\u0435\u0434\u043e\u0432\u0430\u043d\u0438\u044f \u0438 \u043d\u0430\u0443\u043a\u0430"},"content":{"rendered":"<p>Das West-Ost-Institut f\u00fchrt Forschungsprojekte durch und ver\u00f6ffentlicht wissenschaftliche Publikationen zu folgenden Themengebieten: Internationales und interkulturelles Management, Imageforschung, Osteuropaforschung, aktuelle Trends in den Wirtschaftswissenschaften.<\/p>\n<ul>\n<li>Internationales Management wird in Anlehnung an Helen Deresky als Entwicklung von Strategien, Entwerfen und F\u00fchren von Systemen und das Arbeiten mit Menschen rund um die Welt verstanden, das hilft, dauerhaft Wettbewerbsvorteile zu sichern.<\/li>\n<li>Interkulturelles Management kann als die Umsetzung von interkulturellen Denk- und Handlungsweisen in Organisationen verstanden werden.<\/li>\n<li>Imageforschung besch\u00e4ftigt sich mit dem Prozess der Entwicklung und Beeinflussbarkeit von spezifischen Bildern und Meinungen \u00fcber verschiedene Objekte. Das Image wird dabei als komplexes B\u00fcndel von Attributen verstanden und unterliegt einem fortlaufenden Wandel.<\/li>\n<\/ul>\n<p>Osteuropaforschung untersucht kontinuierlich die gesellschaftlichen, politischen und wirtschaftlichen Entwicklungen in den mittel- und osteurop\u00e4ischen Staaten und liefert Erkl\u00e4rungen f\u00fcr Ver\u00e4nderungsprozesse in diesen Regionen.<\/p>\n<h3><span style=\"color: #808080;\">Associated Researcher:<\/span><\/h3>\n<p><strong>Arbeitsmarkt in Russland, ausl\u00e4ndische Mitarbeiter in Russland <\/strong><strong><br \/>\n<\/strong>Dr. Susanne D\u00f6nitz<br \/>\n<em>(Deutsch, Englisch, Russisch)<\/em><\/p>\n<p><strong>Au\u00dfenwirtschaftspolitik, Globalisierung, Modernisierung, Innovationspolitik<\/strong><br \/>\nTobias Schauf, OstKontor Gr\u00f6benzell\/M\u00fcnchen<br \/>\n<em>(Deutsch, Englisch, Russisch)<\/em><\/p>\n<p><strong>Corporane Governance, Coroprate Finance, Corporate Law<br \/>\n<\/strong>Dr. Dmitry Tkachenko<br \/>\n<em>(Russisch, Deutsch, Englisch)<\/em><\/p>\n<p><strong>Wirtschaftskriminalit\u00e4t in den GUS-Staaten, Kriminalit\u00e4t und sexuelle Dienstleistungen, Kriminalit\u00e4t der Migranten. <\/strong><strong><br \/>\n<\/strong>Dr. Yulia Merzogitova<br \/>\n<em>(Russisch, Deutsch) <\/em><\/p>\n<p><strong>Internationales Rechnungswesen, Rechnungswesen in Russlan<\/strong>d<br \/>\nDr. Dr. Nikolai Tuchak<\/p>\n<p><strong>Wirtschaftsentwicklung in Usbekistan, Umweltprobleme\u00a0des Aralsees und im Nahen Osten <\/strong><br \/>\nDr. Ubaidulla Nadirkhanov<br \/>\n(Russisch, Deutsch, Usbekisch)<\/p>\n<p><strong>Nationale und kulturelle Besonderheiten der V\u00f6lker im Kaukasus <\/strong><strong><br \/>\n<\/strong>Prof. Dr. German Akhmedov<br \/>\n(Russisch, Englisch, Deutsch)<\/p>\n<hr \/>\n<p>\u0412\u0435\u0441\u0442-\u041e\u0441\u0442 \u0438\u043d\u0441\u0442\u0438\u0442\u0443\u0442 \u043f\u0440\u043e\u0432\u043e\u0434\u0438\u0442 \u043d\u0430\u0443\u0447\u043d\u044b\u0435 \u0438\u0441\u0441\u043b\u0435\u0434\u043e\u0432\u0430\u043d\u0438\u044f \u0438 \u043e\u0441\u0443\u0449\u0435\u0441\u0442\u0432\u043b\u044f\u0435\u0442 \u043d\u0430\u0443\u0447\u043d\u044b\u0435 \u043f\u0443\u0431\u043b\u0438\u043a\u0430\u0446\u0438\u0438 \u0432 \u0441\u043b\u0435\u0434\u0443\u044e\u0449\u0438\u0445 \u043e\u0431\u043b\u0430\u0441\u0442\u044f\u0445 \u0437\u043d\u0430\u043d\u0438\u0439: \u043c\u0435\u0436\u0434\u0443\u043d\u0430\u0440\u043e\u0434\u043d\u044b\u0439 \u0438 \u0438\u043d\u0442\u0435\u0440\u043a\u0443\u043b\u044c\u0442\u0443\u0440\u043d\u044b\u0439 \u043c\u0435\u043d\u0435\u0434\u0436\u043c\u0435\u043d\u0442, \u0438\u043c\u0438\u0434\u0436\u0435\u043b\u043e\u0433\u0438\u044f,\u00a0 \u0441\u043e\u0446\u0438\u0430\u043b\u044c\u043d\u043e-\u044d\u043a\u043e\u043d\u043e\u043c\u0438\u0447\u0435\u0441\u043a\u0438\u0435 \u0438 \u043f\u043e\u043b\u0438\u0442\u0438\u0447\u0435\u0441\u043a\u0438\u0435 \u043f\u0440\u043e\u0446\u0435\u0441\u0441\u044b \u0432 \u0412\u043e\u0441\u0442\u043e\u0447\u043d\u043e\u0439 \u0415\u0432\u0440\u043e\u043f\u0435, \u0430\u043a\u0442\u0443\u0430\u043b\u044c\u043d\u044b\u0435 \u0442\u0435\u043d\u0434\u0435\u043d\u0446\u0438\u0438 \u0432 \u0440\u0430\u0437\u0432\u0438\u0442\u0438\u0438 \u044d\u043a\u043e\u043d\u043e\u043c\u0438\u0447\u0435\u0441\u043a\u0438\u0445 \u043d\u0430\u0443\u043a.\u00a0 \u0418\u0441\u0441\u043b\u0435\u0434\u043e\u0432\u0430\u043d\u0438\u044f \u043d\u043e\u0441\u044f\u0442, \u043a\u0430\u043a \u043f\u0440\u0430\u0432\u0438\u043b\u043e, \u043f\u0440\u043e\u0435\u043a\u0442\u043d\u044b\u0439 \u0445\u0430\u0440\u0430\u043a\u0442\u0435\u0440 \u0438 \u043e\u0441\u0443\u0449\u0435\u0441\u0442\u0432\u043b\u044f\u044e\u0442\u0441\u044f \u0432 \u043a\u043e\u043e\u043f\u0435\u0440\u0430\u0446\u0438\u0438 \u0441 \u043f\u0430\u0440\u0442\u043d\u0435\u0440\u0441\u043a\u0438\u043c\u0438 \u043d\u0430\u0443\u0447\u043d\u043e-\u0438\u0441\u0441\u043b\u0435\u0434\u043e\u0432\u0430\u0442\u0435\u043b\u044c\u0441\u043a\u0438\u043c\u0438 \u0438 \u0443\u0447\u0435\u0431\u043d\u044b\u043c\u0438 \u0437\u0430\u0432\u0435\u0434\u0435\u043d\u0438\u044f\u043c\u0438. \u041f\u043e\u0441\u0440\u0435\u0434\u0441\u0442\u0432\u043e\u043c \u043a\u043e\u043e\u0440\u0434\u0438\u043d\u0430\u0446\u0438\u0438 \u0438\u0441\u0441\u043b\u0435\u0434\u043e\u0432\u0430\u0442\u0435\u043b\u044c\u0441\u043a\u0438\u0445 \u043f\u0440\u043e\u0435\u043a\u0442\u043e\u0432 \u0441 \u043f\u043e\u0434\u043a\u043b\u044e\u0447\u0435\u043d\u0438\u0435\u043c \u0434\u0440\u0443\u0433\u0438\u0445 \u0438\u043d\u0441\u0442\u0438\u0442\u0443\u0442\u043e\u0432 \u0438 \u0443\u0447\u0440\u0435\u0436\u0434\u0435\u043d\u0438\u0439. \u0412\u0435\u0441\u0442-\u041e\u0441\u0442 \u0438\u043d\u0441\u0442\u0438\u0442\u0443\u0442 \u043f\u043e\u043c\u043e\u0433\u0430\u0435\u0442 \u043f\u0430\u0440\u0442\u043d\u0435\u0440\u0430\u043c \u043f\u0440\u043e\u0432\u043e\u0434\u0438\u0442\u044c \u0438\u0441\u0441\u043b\u0435\u0434\u043e\u0432\u0430\u043d\u0438\u044f \u043f\u043e \u043f\u0440\u043e\u0431\u043b\u0435\u043c\u0430\u043c, \u043d\u0430\u0445\u043e\u0434\u044f\u0449\u0438\u043c\u0441\u044f \u0437\u0430 \u043f\u0440\u0435\u0434\u0435\u043b\u0430\u043c\u0438 \u043d\u0435\u043f\u043e\u0441\u0440\u0435\u0434\u0441\u0442\u0432\u0435\u043d\u043d\u044b\u0445 \u043d\u0430\u0443\u0447\u043d\u044b\u0445 \u0438\u043d\u0442\u0435\u0440\u0435\u0441\u043e\u0432 \u0438\u043d\u0441\u0442\u0438\u0442\u0443\u0442\u0430.<\/p>\n<ul>\n<li>\u041f\u043e\u0434 \u043c\u0435\u0436\u0434\u0443\u043d\u0430\u0440\u043e\u0434\u043d\u044b\u043c \u043c\u0435\u043d\u0435\u0434\u0436\u043c\u0435\u043d\u0442\u043e\u043c \u043f\u043e\u043d\u0438\u043c\u0430\u0435\u0442\u0441\u044f \u0444\u043e\u0440\u043c\u0438\u0440\u043e\u0432\u0430\u043d\u0438\u0435 \u0441\u0442\u0440\u0430\u0442\u0435\u0433\u0438\u0439, \u0440\u0443\u043a\u043e\u0432\u043e\u0434\u0441\u0442\u0432\u043e \u0441\u0438\u0441\u0442\u0435\u043c\u0430\u043c\u0438 \u0438 \u0443\u043f\u0440\u0430\u0432\u043b\u0435\u043d\u0438\u0435 \u0447\u0435\u043b\u043e\u0432\u0435\u0447\u0435\u0441\u043a\u0438\u043c\u0438 \u0440\u0435\u0441\u0443\u0440\u0441\u0430\u043c\u0438 \u0432 \u043c\u0435\u0436\u0434\u0443\u043d\u0430\u0440\u043e\u0434\u043d\u043e\u043c \u043c\u0430\u0441\u0448\u0442\u0430\u0431\u0435, \u043d\u0430\u043f\u0440\u0430\u0432\u043b\u0435\u043d\u043d\u043e\u0435 \u043d\u0430 \u043e\u0431\u0435\u0441\u043f\u0435\u0447\u0435\u043d\u0438\u0435 \u043a\u043e\u043d\u043a\u0443\u0440\u0435\u043d\u0442\u043d\u044b\u0445 \u043f\u0440\u0435\u0438\u043c\u0443\u0449\u0435\u0441\u0442\u0432.<\/li>\n<li>\u0418\u043d\u0442\u0435\u0440\u043a\u0443\u043b\u044c\u0442\u0443\u0440\u043d\u044b\u0439 \u043c\u0435\u043d\u0435\u0434\u0436\u043c\u0435\u043d\u0442 \u043e\u043f\u0440\u0435\u0434\u0435\u043b\u044f\u0435\u0442\u0441\u044f \u043a\u0430\u043a \u0443\u0442\u0432\u0435\u0440\u0436\u0434\u0435\u043d\u0438\u0435 \u0432 \u043e\u0440\u0433\u0430\u043d\u0438\u0437\u0430\u0446\u0438\u0438 \u043e\u0431\u0440\u0430\u0437\u0430 \u043c\u044b\u0448\u043b\u0435\u043d\u0438\u044f \u0438 \u043d\u043e\u0440\u043c \u043f\u043e\u0432\u0435\u0434\u0435\u043d\u0438\u044f, \u0443\u0447\u0438\u0442\u044b\u0432\u0430\u044e\u0449\u0438\u0445 \u0441\u043f\u0435\u0446\u0438\u0444\u0438\u043a\u0443 \u043a\u0443\u043b\u044c\u0442\u0443\u0440 \u0432\u043e \u0432\u0441\u0435\u0445 \u043f\u0440\u043e\u044f\u0432\u043b\u0435\u043d\u0438\u044f\u0445.<\/li>\n<li>\u0418\u043c\u0438\u0434\u0436\u0435\u0432\u044b\u0435 \u0438\u0441\u0441\u043b\u0435\u0434\u043e\u0432\u0430\u043d\u0438\u044f \u043f\u043e\u043d\u0438\u043c\u0430\u044e\u0442\u0441\u044f \u043a\u0430\u043a \u0438\u0441\u0441\u043b\u0435\u0434\u043e\u0432\u0430\u043d\u0438\u044f \u043f\u0440\u043e\u0446\u0435\u0441\u0441\u0430 \u0441\u0442\u0430\u043d\u043e\u0432\u043b\u0435\u043d\u0438\u044f \u043e\u0431\u0440\u0430\u0437\u043e\u0432, \u043d\u0430 \u0432\u0438\u0437\u0443\u0430\u043b\u044c\u043d\u043e\u043c \u0438 \u043a\u043e\u0433\u043d\u0438\u0442\u0438\u0432\u043d\u043e\u043c \u0443\u0440\u043e\u0432\u043d\u0435, \u043e\u043a\u0430\u0437\u044b\u0432\u0430\u044e\u0449\u0438\u0445 \u0432\u043b\u0438\u044f\u043d\u0438\u0435 \u043d\u0430 \u0432\u043e\u0441\u043f\u0440\u0438\u044f\u0442\u0438\u0435 \u0438\u0437\u0431\u0440\u0430\u043d\u043d\u044b\u0445 \u043e\u0431\u044a\u0435\u043a\u0442\u043e\u0432.<\/li>\n<\/ul>\n<p>\u0418\u0441\u0441\u043b\u0435\u0434\u043e\u0432\u0430\u043d\u0438\u044f \u0441\u043e\u0446\u0438\u0430\u043b\u044c\u043d\u043e-\u044d\u043a\u043e\u043d\u043e\u043c\u0438\u0447\u0435\u0441\u043a\u0438\u0445 \u0438 \u043f\u043e\u043b\u0438\u0442\u0438\u0447\u0435\u0441\u043a\u0438\u0445 \u043f\u0440\u043e\u0446\u0435\u0441\u0441\u043e\u0432 \u0432 \u0412\u043e\u0441\u0442\u043e\u0447\u043d\u043e\u0439 \u0415\u0432\u0440\u043e\u043f\u0435 \u043d\u0430\u043f\u0440\u0430\u0432\u043b\u0435\u043d\u044b \u043d\u0430 \u0432\u044b\u044f\u0432\u043b\u0435\u043d\u0438\u0435 \u0438 \u043e\u0431\u044a\u044f\u0441\u043d\u0435\u043d\u0438\u0435 \u043f\u0440\u043e\u0438\u0441\u0445\u043e\u0434\u044f\u0449\u0438\u0445 \u0432 \u0440\u0435\u0433\u0438\u043e\u043d\u0435 \u0438\u0437\u043c\u0435\u043d\u0435\u043d\u0438\u0439 \u0438 \u043f\u0440\u043e\u0433\u043d\u043e\u0437\u0438\u0440\u043e\u0432\u0430\u043d\u0438\u0435 \u0442\u0435\u043d\u0434\u0435\u043d\u0446\u0438\u0439, \u0441 \u0446\u0435\u043b\u044c\u044e \u043f\u043e\u0438\u0441\u043a\u0430 \u0438\u043d\u0441\u0442\u0440\u0443\u043c\u0435\u043d\u0442\u043e\u0432 \u0434\u043b\u044f \u0443\u0441\u0442\u0440\u0430\u043d\u0435\u043d\u0438\u044f \u0432\u043e\u0437\u043c\u043e\u0436\u043d\u044b\u0445 \u043f\u0440\u043e\u0442\u0438\u0432\u043e\u0440\u0435\u0447\u0438\u0439.<\/p>\n<h3><span style=\"color: #808080;\"><strong>\u0410\u0441\u0441\u043e\u0446\u0438\u0430\u0442\u0438\u0432\u043d\u044b\u0435 \u0438\u0441\u0441\u043b\u0435\u0434\u043e\u0432\u0430\u0442\u0435\u043b\u0438<br \/>\n\u0411\u0435\u0440\u043b\u0438\u043d\u0441\u043a\u043e\u0433\u043e \u0412\u0435\u0441\u0442-\u041e\u0441\u0442 \u0438\u043d\u0441\u0442\u0438\u0442\u0443\u0442\u0430:<\/strong><\/span><\/h3>\n<p><strong>\u0420\u044b\u043d\u043e\u043a \u0442\u0440\u0443\u0434\u0430 \u0432 \u0420\u043e\u0441\u0441\u0438\u0438, \u0438\u043d\u043e\u0441\u0442\u0440\u0430\u043d\u043d\u0430\u044f \u0440\u0430\u0431\u043e\u0447\u0430\u044f \u0441\u0438\u043b\u0430 \u0432 \u0420\u043e\u0441\u0441\u0438\u0438<\/strong><strong><br \/>\n<\/strong>\u0414\u0451\u043d\u0438\u0446 \u0421\u044e\u0437\u0430\u043d\u043d\u0435, \u0434\u043e\u043a\u0442\u043e\u0440 \u044d\u043a\u043e\u043d\u043e\u043c\u0438\u043a\u0438<\/p>\n<p><strong>\u0412\u043d\u0435\u0448\u043d\u044f\u044f \u044d\u043a\u043e\u043d\u043e\u043c\u0438\u0447\u0435\u0441\u043a\u0430\u044f \u043f\u043e\u043b\u0438\u0442\u0438\u043a\u0430 \u0413\u0435\u0440\u043c\u0430\u043d\u0438\u0438 \u0432 \u043e\u0442\u043d\u043e\u0448\u0435\u043d\u0438\u0438 \u0420\u043e\u0441\u0441\u0438\u0438 <\/strong><strong><br \/>\n<\/strong>\u0428\u0430\u0443\u0444 \u0422\u043e\u0431\u0438\u0430\u0441, OstKontor Gr\u00f6benzell\/M\u00fcnchen<\/p>\n<p><strong>\u041a\u043e\u0440\u043f\u043e\u0440\u0430\u0442\u0438\u0432\u043d\u043e\u0435 \u0443\u043f\u0440\u0430\u0432\u043b\u0435\u043d\u0438\u0435, \u043a\u043e\u0440\u043f\u043e\u0440\u0430\u0442\u0438\u0432\u043d\u044b\u0435 \u0444\u0438\u043d\u0430\u043d\u0441\u044b, \u043a\u043e\u0440\u043f\u043e\u0440\u0430\u0442\u0438\u0432\u043d\u043e\u0435 \u043f\u0440\u0430\u0432\u043e<br \/>\n<\/strong>\u0422\u043a\u0430\u0447\u0435\u043d\u043a\u043e \u0414\u043c\u0438\u0442\u0440\u0438\u0439 \u042e\u0440\u044c\u0435\u0432\u0438\u0447, \u043a.\u044d.\u043d.<\/p>\n<p><strong>\u041a\u0440\u043e\u0441\u0441-\u043a\u0443\u043b\u044c\u0442\u0443\u0440\u043d\u044b\u0435 \u043a\u043e\u043c\u043c\u0443\u043d\u0438\u043a\u0430\u0446\u0438\u0438<\/strong><br \/>\n\u0411\u043e\u0431\u0440\u043e\u0432\u0430 \u041c\u0430\u0440\u0438\u044f \u041d\u0438\u043a\u043e\u043b\u0430\u0435\u0432\u043d\u0430, \u0434\u043e\u043a\u0442\u043e\u0440 \u043f\u043e\u043b\u0438\u0442\u043e\u043b\u043e\u0433\u0438\u0438, \u0434\u043e\u043a\u0442\u043e\u0440 \u0444\u0438\u043b\u043e\u043b\u043e\u0433\u0438\u0438<\/p>\n<p><strong>\u042d\u043a\u043e\u043d\u043e\u043c\u0438\u0447\u0435\u0441\u043a\u0430\u044f \u043f\u0440\u0435\u0441\u0442\u0443\u043f\u043d\u043e\u0441\u0442\u044c \u0432 \u0421\u041d\u0413. \u041f\u0440\u0435\u0441\u0442\u0443\u043f\u043d\u043e\u0441\u0442\u044c \u0432 \u0441\u0444\u0435\u0440\u0435 \u0441\u0435\u043a\u0441\u0443\u0430\u043b\u044c\u043d\u044b\u0445 \u0443\u0441\u043b\u0443\u0433. \u041f\u0440\u0435\u0441\u0442\u0443\u043f\u043d\u043e\u0441\u0442\u044c \u043c\u0438\u0433\u0440\u0430\u043d\u0442\u043e\u0432.<\/strong><br \/>\n\u041c\u0435\u0440\u0437\u043e\u043b\u0438\u0442\u043e\u0432\u0430 \u042e\u043b\u0438\u044f \u0410\u043d\u0430\u0442\u043e\u043b\u044c\u0435\u0432\u043d\u0430, \u043a.\u044e.\u043d.<\/p>\n<p><strong>\u041c\u0435\u0436\u0434\u0443\u043d\u0430\u0440\u043e\u0434\u043d\u044b\u0435 \u0441\u0442\u0430\u043d\u0434\u0430\u0440\u0442\u044b \u0444\u0438\u043d\u0430\u043d\u0441\u043e\u0432\u043e\u0433\u043e \u0443\u0447\u0435\u0442\u0430<\/strong><strong><br \/>\n<\/strong>\u0422\u0443\u0447\u0430\u043a \u041d\u0438\u043a\u043e\u043b\u0430\u0439 \u0412\u0430\u0441\u0438\u043b\u044c\u0435\u0432\u0438\u0447, \u043a.\u044d.\u043d., \u043a.\u043f\u0441.\u043d.<\/p>\n<p><strong>\u042d\u043a\u043e\u043d\u043e\u043c\u0438\u0447\u0435\u0441\u043a\u043e\u0435 \u0440\u0430\u0437\u0432\u0438\u0442\u0438\u0435 \u0423\u0437\u0431\u0435\u043a\u0438\u0441\u0442\u0430\u043d\u0430. \u041f\u0440\u043e\u0431\u043b\u0435\u043c\u044b \u0410\u0440\u0430\u043b\u0430. <\/strong><strong><br \/>\n<\/strong>\u041d\u0430\u0434\u044b\u0440\u0445\u0430\u043d\u043e\u0432 \u0423\u0431\u0430\u0439\u0434\u0443\u043b\u043b\u0430 \u0421\u0430\u0431\u0438\u0440\u043e\u0432\u0438\u0447, \u043a.\u044d.\u043d.<\/p>\n<p><strong>\u041d\u0430\u0446\u0438\u043e\u043d\u0430\u043b\u044c\u043d\u044b\u0435 \u0438 \u043a\u0443\u043b\u044c\u0442\u0443\u0440\u043d\u044b\u0435 \u043e\u0441\u043e\u0431\u0435\u043d\u043d\u043e\u0441\u0442\u0438 \u043d\u0430\u0440\u043e\u0434\u043e\u0432 \u041a\u0430\u0432\u043a\u0430\u0437\u0430<\/strong><strong><br \/>\n<\/strong>\u0413\u0435\u0440\u043c\u0430\u043d \u0410\u0445\u043c\u0435\u0434\u043e\u0432, \u0434.\u0444.\u043d., \u043f\u0440\u043e\u0444\u0435\u0441\u0441\u043e\u0440<\/p>\n","protected":false},"excerpt":{"rendered":"<p>Das West-Ost-Institut f\u00fchrt Forschungsprojekte durch und ver\u00f6ffentlicht wissenschaftliche Publikationen zu folgenden Themengebieten: Internationales und interkulturelles Management, Imageforschung, Osteuropaforschung, aktuelle Trends in den Wirtschaftswissenschaften. Internationales Management wird in Anlehnung an Helen Deresky als Entwicklung von Strategien, Entwerfen und F\u00fchren von Systemen und das Arbeiten mit Menschen rund um die Welt verstanden, das hilft, dauerhaft Wettbewerbsvorteile zu &hellip; <a href=\"https:\/\/westost.eu\/?page_id=37\" class=\"more-link\"><span class=\"screen-reader-text\">Wissenschaft und Forschung \/ \u0418\u0441\u0441\u043b\u0435\u0434\u043e\u0432\u0430\u043d\u0438\u044f \u0438 \u043d\u0430\u0443\u043a\u0430<\/span> weiterlesen<\/a><\/p>\n","protected":false},"author":1,"featured_media":0,"parent":0,"menu_order":50,"comment_status":"closed","ping_status":"closed","template":"","meta":{"footnotes":""},"class_list":["post-37","page","type-page","status-publish","hentry"],"_links":{"self":[{"href":"https:\/\/westost.eu\/index.php?rest_route=\/wp\/v2\/pages\/37","targetHints":{"allow":["GET"]}}],"collection":[{"href":"https:\/\/westost.eu\/index.php?rest_route=\/wp\/v2\/pages"}],"about":[{"href":"https:\/\/westost.eu\/index.php?rest_route=\/wp\/v2\/types\/page"}],"author":[{"embeddable":true,"href":"https:\/\/westost.eu\/index.php?rest_route=\/wp\/v2\/users\/1"}],"replies":[{"embeddable":true,"href":"https:\/\/westost.eu\/index.php?rest_route=%2Fwp%2Fv2%2Fcomments&post=37"}],"version-history":[{"count":8,"href":"https:\/\/westost.eu\/index.php?rest_route=\/wp\/v2\/pages\/37\/revisions"}],"predecessor-version":[{"id":816,"href":"https:\/\/westost.eu\/index.php?rest_route=\/wp\/v2\/pages\/37\/revisions\/816"}],"wp:attachment":[{"href":"https:\/\/westost.eu\/index.php?rest_route=%2Fwp%2Fv2%2Fmedia&parent=37"}],"curies":[{"name":"wp","href":"https:\/\/api.w.org\/{rel}","templated":true}]}}