{"id":34,"date":"2017-04-29T10:30:56","date_gmt":"2017-04-29T10:30:56","guid":{"rendered":"http:\/\/west-ost-institut.de\/?page_id=34"},"modified":"2017-05-01T08:10:01","modified_gmt":"2017-05-01T08:10:01","slug":"konferenzen-%d0%ba%d0%be%d0%bd%d1%84%d0%b5%d1%80%d0%b5%d0%bd%d1%86%d0%b8%d0%b8","status":"publish","type":"page","link":"https:\/\/westost.eu\/?page_id=34","title":{"rendered":"Konferenzen \/ \u041a\u043e\u043d\u0444\u0435\u0440\u0435\u043d\u0446\u0438\u0438"},"content":{"rendered":"<h3><span style=\"color: #333399;\"><strong><img loading=\"lazy\" decoding=\"async\" class=\"wp-image-192 alignleft\" src=\"http:\/\/westost.eu\/wp-content\/uploads\/2017\/04\/konferenz-logo-1.jpg\" alt=\"\" width=\"200\" height=\"85\" \/><span style=\"color: #808080;\">Konferenzreihe West-Ost-Diskurs<\/span> <\/strong><\/span><\/h3>\n<p>Das West-Ost-Institut f\u00fchrt die etablierte internationale Konferenzreihe West-Ost-Diskurs fort. Die Themen der Konferenzen spiegeln die Chancen und Probleme in den au\u00dfenwirtschaftlichen Beziehungen, die interkulturellen Differenzen, die unterschiedlichen Erfahrungen in der Unternehmenskommunikation und die unterschiedlichen M\u00f6glichkeiten der Einbeziehung der \u00d6ffentlichkeit in West und Ost wider.\u00a0 Die Konferenzen der Reihe sind ein Treffpunkt von Wissenschaftlern, Vorst\u00e4nden gro\u00dfer deutscher und osteurop\u00e4ischer Unternehmen, anerkannter Experten der internationalen Wirtschaft, Politik und der Unternehmenskommunikation, Professoren deutscher und osteurop\u00e4ischer Universit\u00e4ten und von Redakteuren der deutschen und internationalen Presse. Neben der\u00a0 wissenschaftlichen Analyse bieten die Konferenzen eine Plattform f\u00fcr den Austausch von Meinungen und die M\u00f6glichkeit, authentisch aktuelle und zuverl\u00e4ssige Informationen zu erhalten. Parallel zum wissenschaftlichen Austausch ist eine Fachtagung f\u00fcr Unternehmen und Praktiker geplant. Dieser Teil der Veranstaltung soll zu konkreten wirtschaftlichen Kooperationen f\u00fchren und gleichzeitig eine Finanzierung der Konferenzen erm\u00f6glichen.<\/p>\n<p>Jede Konferenz der Reihe ist ein einzigartiges Projekt, das nur ein Mal in 2 Jahren abwechselnd in Deutschland und Russland stattfindet. \u00a0Im Einklang von wissenschaftlicher und angewandter Analysetechnik bieten die Konferenzen eine Plattform f\u00fcr den Austausch von Meinungen und die M\u00f6glichkeit, authentische aktuelle und zuverl\u00e4ssige Informationen zu erhalten.<\/p>\n<p>Die <strong>Konferenzen der Reihe West-Ost Diskurs:<\/strong><\/p>\n<ul>\n<li>Entwicklung von Public Relations als Spiegel der \u00f6konomischen und sozialen Prozesse in Osteuropa, Bremen, Oktober 2002<\/li>\n<li>Corporate Governance als Erfolgsfaktor im internationalen Wettbewerb, Moskau,\u00a0 September 2004<\/li>\n<li>Der Faktor Reputation als Instrument der internationalen Unternehmensf\u00fchrung, Bremen, November 2006<\/li>\n<li>Government Relations: Analyse der Interaktionen zwischen Wirtschaft, Politik und Gesellschaft, Moskau, Januar 2008<\/li>\n<li>Modernisierung und Humanisierung: \u00a0Chancen f\u00fcr West- und Osteuropa, Berlin 2010-2011<\/li>\n<li>Corporate Social Responsibility: Wirtschaftsmodelle &#8211; Moral &#8211; Erfolg -Nachhaltigkeit, 2012<\/li>\n<li>Business Ethics: Economic Trends and expectations of society, 2014.<\/li>\n<li>Christliche Werte: inmitten der globalen Herausforderungen, Moskau, 2016<\/li>\n<\/ul>\n<hr \/>\n<h3><span style=\"color: #808080;\"><strong>\u0421\u0435\u0440\u0438\u044f \u043a\u043e\u043d\u0444\u0435\u0440\u0435\u043d\u0446\u0438\u0439 &#8222;\u0414\u0438\u0441\u043a\u0443\u0440\u0441: \u0417\u0430\u043f\u0430\u0434-\u0412\u043e\u0441\u0442\u043e\u043a&#8220;<\/strong><\/span><\/h3>\n<p>\u0412\u0435\u0441\u0442-\u041e\u0441\u0442 \u0438\u043d\u0441\u0442\u0438\u0442\u0443\u0442 \u043f\u043e\u043d\u0438\u043c\u0430\u0435\u0442 \u043d\u0430\u0443\u0447\u043d\u044b\u0435 \u0438 \u043f\u0440\u0430\u043a\u0442\u0438\u0447\u0435\u0441\u043a\u0438\u0435 \u043a\u043e\u043d\u0444\u0435\u0440\u0435\u043d\u0446\u0438\u0438 \u043a\u0430\u043a \u0432\u0430\u0436\u043d\u044b\u0439 \u0438\u043d\u0441\u0442\u0440\u0443\u043c\u0435\u043d\u0442 \u0430\u043a\u0442\u0443\u0430\u043b\u0438\u0437\u0430\u0446\u0438\u0438 \u0437\u043d\u0430\u043d\u0438\u0439, \u043e\u043f\u0440\u0435\u0434\u0435\u043b\u0435\u043d\u0438\u044f \u0442\u0435\u043d\u0434\u0435\u043d\u0446\u0438\u0439, \u043d\u0430\u0443\u0447\u043d\u043e\u0433\u043e \u043e\u0431\u043c\u0435\u043d\u0430, \u0432\u0437\u0430\u0438\u043c\u043e\u0434\u0435\u0439\u0441\u0442\u0432\u0438\u044f \u043c\u0435\u0436\u0434\u0443 \u043d\u0430\u0443\u043a\u043e\u0439 \u0438 \u043f\u0440\u0430\u043a\u0442\u0438\u043a\u043e\u0439.<\/p>\n<p>\u0417\u043d\u0430\u0447\u0438\u043c\u044b\u043c \u044d\u043b\u0435\u043c\u0435\u043d\u0442\u043e\u043c \u0434\u0435\u044f\u0442\u0435\u043b\u044c\u043d\u043e\u0441\u0442\u0438 \u0438\u043d\u0441\u0442\u0438\u0442\u0443\u0442\u0430 \u044f\u0432\u043b\u044f\u0435\u0442\u0441\u044f \u043a\u043e\u043d\u0446\u0435\u043f\u0442\u0443\u0430\u043b\u044c\u043d\u0430\u044f \u043f\u043e\u0434\u0433\u043e\u0442\u043e\u0432\u043a\u0430,\u00a0 \u043e\u0440\u0433\u0430\u043d\u0438\u0437\u0430\u0446\u0438\u044f \u0438 \u043f\u0440\u043e\u0432\u0435\u0434\u0435\u043d\u0438\u0435 \u0441\u0435\u0440\u0438\u0438 \u043c\u0435\u0436\u0434\u0443\u043d\u0430\u0440\u043e\u0434\u043d\u044b\u0445 \u043a\u043e\u043d\u0444\u0435\u0440\u0435\u043d\u0446\u0438\u0439 \u00ab\u0414\u0438\u0441\u043a\u0443\u0440\u0441: \u0417\u0430\u043f\u0430\u0434-\u0412\u043e\u0441\u0442\u043e\u043a\u00bb. \u0421\u0435\u0440\u0438\u044f \u043a\u043e\u043d\u0444\u0435\u0440\u0435\u043d\u0446\u0438\u0439 \u0441\u043e\u0437\u0434\u0430\u043d\u0430 \u043f\u0440\u0438 \u0443\u0447\u0430\u0441\u0442\u0438\u0438 \u0440\u044f\u0434\u0430 \u043f\u0430\u0440\u0442\u043d\u0435\u0440\u043e\u0432 \u0432 2002 \u0433\u043e\u0434\u0443. \u0422\u0435\u043c\u0430\u0442\u0438\u043a\u0430 \u043a\u043e\u043d\u0444\u0435\u0440\u0435\u043d\u0446\u0438\u0439 \u043e\u0442\u0440\u0430\u0436\u0430\u0435\u0442 \u043f\u0440\u043e\u0431\u043b\u0435\u043c\u044b \u0438 \u0448\u0430\u043d\u0441\u044b \u044d\u043a\u043e\u043d\u043e\u043c\u0438\u0447\u0435\u0441\u043a\u043e\u0433\u043e \u0432\u0437\u0430\u0438\u043c\u043e\u0434\u0435\u0439\u0441\u0442\u0432\u0438\u044f \u0441\u0442\u0440\u0430\u043d \u0417\u0430\u043f\u0430\u0434\u043d\u043e\u0439 \u0438 \u0412\u043e\u0441\u0442\u043e\u0447\u043d\u043e\u0439 \u0415\u0432\u0440\u043e\u043f\u044b \u0438 \u043e\u0431\u0440\u0430\u0449\u0435\u043d\u0430 \u043a \u0443\u0447\u0435\u043d\u044b\u043c, \u0440\u0443\u043a\u043e\u0432\u043e\u0434\u0438\u0442\u0435\u043b\u044f\u043c \u0442\u0440\u0430\u043d\u0441\u043d\u0430\u0446\u0438\u043e\u043d\u0430\u043b\u044c\u043d\u044b\u0445 \u043a\u043e\u0440\u043f\u043e\u0440\u0430\u0446\u0438\u0439, \u043a\u0440\u0443\u043f\u043d\u044b\u0445 \u043c\u0435\u0436\u0434\u0443\u043d\u0430\u0440\u043e\u0434\u043d\u044b\u0445 \u043a\u043e\u043c\u043f\u0430\u043d\u0438\u0439, \u043f\u043e\u043b\u0438\u0442\u0438\u043a\u0430\u043c \u0438 \u043f\u0440\u0435\u0434\u0441\u0442\u0430\u0432\u0438\u0442\u0435\u043b\u044f\u043c \u0421\u041c\u0418.<\/p>\n<p>\u041d\u0430\u0440\u044f\u0434\u0443 \u0441 \u043d\u0430\u0443\u0447\u043d\u044b\u043c \u0430\u043d\u0430\u043b\u0438\u0437\u043e\u043c \u0430\u043a\u0442\u0443\u0430\u043b\u044c\u043d\u044b\u0445 \u043f\u0440\u043e\u0431\u043b\u0435\u043c \u043a\u043e\u043d\u0444\u0435\u0440\u0435\u043d\u0446\u0438\u0438 \u0441\u0435\u0440\u0438\u0438 \u00ab\u0414\u0438\u0441\u043a\u0443\u0440\u0441: \u0417\u0430\u043f\u0430\u0434-\u0412\u043e\u0441\u0442\u043e\u043a\u00bb \u043f\u0440\u0435\u0434\u043b\u0430\u0433\u0430\u044e\u0442 \u0443\u0447\u0430\u0441\u0442\u043d\u0438\u043a\u0430\u043c \u0432\u043e\u0437\u043c\u043e\u0436\u043d\u043e\u0441\u0442\u0438 \u0443\u0441\u0442\u0430\u043d\u043e\u0432\u043b\u0435\u043d\u0438\u044f \u0434\u0435\u043b\u043e\u0432\u044b\u0445 \u043a\u043e\u043d\u0442\u0430\u043a\u0442\u043e\u0432, \u043e\u0431\u043c\u0435\u043d\u0430 \u043c\u043d\u0435\u043d\u0438\u044f\u043c\u0438 \u0438 \u043f\u043e\u043b\u0443\u0447\u0435\u043d\u0438\u044f \u043e\u0431\u044a\u0435\u043a\u0442\u0438\u0432\u043d\u043e\u0439 \u0438 \u043a\u043e\u043c\u043f\u0435\u0442\u0435\u043d\u0442\u043d\u043e\u0439 \u0438\u043d\u0444\u043e\u0440\u043c\u0430\u0446\u0438\u0438. \u00a0\u041f\u0430\u0440\u0442\u043d\u0435\u0440\u0430\u043c\u0438 \u0438 \u0441\u043e\u043e\u0440\u0433\u0430\u043d\u0438\u0437\u0430\u0442\u043e\u0440\u0430\u043c\u0438 \u043f\u0440\u043e\u0432\u0435\u0434\u0435\u043d\u043d\u044b\u0445 \u0440\u0430\u043d\u0435\u0435 \u043a\u043e\u043d\u0444\u0435\u0440\u0435\u043d\u0446\u0438\u0439 \u044f\u0432\u043b\u044f\u043b\u0438\u0441\u044c \u041d\u0430\u0446\u0438\u043e\u043d\u0430\u043b\u044c\u043d\u044b\u0439 \u0438\u043d\u0441\u0442\u0438\u0442\u0443\u0442 \u0431\u0438\u0437\u043d\u0435\u0441\u0430, \u0433\u0440\u0443\u043f\u043f\u0430 \u043a\u043e\u043c\u043f\u0430\u043d\u0438\u0439 \u00ab\u041d\u0438\u043a\u043e\u043b\u043e \u041c\u00bb, \u0411\u0440\u0435\u043c\u0435\u043d\u0441\u043a\u0430\u044f \u0448\u043a\u043e\u043b\u0430 \u044d\u043a\u043e\u043d\u043e\u043c\u0438\u043a\u0438, \u0418\u043d\u0441\u0442\u0438\u0442\u0443\u0442 \u043c\u0438\u0440\u043e\u0432\u043e\u0439 \u044d\u043a\u043e\u043d\u043e\u043c\u0438\u043a\u0438 \u0438 \u043c\u0435\u0436\u0434\u0443\u043d\u0430\u0440\u043e\u0434\u043d\u043e\u0433\u043e \u043c\u0435\u043d\u0435\u0434\u0436\u043c\u0435\u043d\u0442\u0430 \u0411\u0440\u0435\u043c\u0435\u043d\u0441\u043a\u043e\u0433\u043e \u0443\u043d\u0438\u0432\u0435\u0440\u0441\u0438\u0442\u0435\u0442\u0430, \u041d\u0435\u043c\u0435\u0446\u043a\u043e-\u0440\u043e\u0441\u0441\u0438\u0439\u0441\u043a\u0430\u044f \u0432\u043d\u0435\u0448\u043d\u0435\u0442\u043e\u0440\u0433\u043e\u0432\u0430\u044f \u043f\u0430\u043b\u0430\u0442\u0430, \u0412\u043e\u0441\u0442\u043e\u0447\u043d\u044b\u0439 \u043a\u043e\u043c\u0438\u0442\u0435\u0442 \u043d\u0435\u043c\u0435\u0446\u043a\u043e\u0439 \u044d\u043a\u043e\u043d\u043e\u043c\u0438\u043a\u0438 \u0438 \u0434\u0440.<\/p>\n<p><strong>\u041a\u043e\u043d\u0444\u0435\u0440\u0435\u043d\u0446\u0438\u0438 \u0441\u0435\u0440\u0438\u0438 \u00ab\u0414\u0438\u0441\u043a\u0443\u0440\u0441: \u0417\u0430\u043f\u0430\u0434-\u0412\u043e\u0441\u0442\u043e\u043a\u00bb<\/strong>:<\/p>\n<ul>\n<li>\u041f\u0430\u0431\u043b\u0438\u043a \u0440\u0438\u043b\u0435\u0439\u0448\u043d\u0437 \u043a\u0430\u043a \u0437\u0435\u0440\u043a\u0430\u043b\u043e \u0441\u043e\u0446\u0438\u0430\u043b\u044c\u043d\u043e-\u044d\u043a\u043e\u043d\u043e\u043c\u0438\u0447\u0435\u0441\u043a\u0438\u0445 \u043f\u0440\u043e\u0446\u0435\u0441\u0441\u043e\u0432 \u0432 \u0412\u043e\u0441\u0442\u043e\u0447\u043d\u043e\u0439 \u0415\u0432\u0440\u043e\u043f\u0435 &#8211; \u0411\u0440\u0435\u043c\u0435\u043d, \u043e\u043a\u0442\u044f\u0431\u0440\u044c 2002<\/li>\n<li>\u041a\u043e\u0440\u043f\u043e\u0440\u0430\u0442\u0438\u0432\u043d\u043e\u0435 \u0443\u043f\u0440\u0430\u0432\u043b\u0435\u043d\u0438\u0435 \u043a\u0430\u043a \u0444\u0430\u043a\u0442\u043e\u0440 \u043a\u043e\u043d\u043a\u0443\u0440\u0435\u043d\u0442\u043e\u0441\u043f\u043e\u0441\u043e\u0431\u043d\u043e\u0441\u0442\u0438 \u043d\u0430 \u043c\u0438\u0440\u043e\u0432\u043e\u043c \u0440\u044b\u043d\u043a\u0435 &#8211; \u041c\u043e\u0441\u043a\u0432\u0430, \u0441\u0435\u043d\u0442\u044f\u0431\u0440\u044c 2004<\/li>\n<li>\u0420\u0435\u043f\u0443\u0442\u0430\u0446\u0438\u043e\u043d\u043d\u044b\u0435 \u0444\u0430\u043a\u0442\u043e\u0440\u044b \u0432 \u0443\u043f\u0440\u0430\u0432\u043b\u0435\u043d\u0438\u0438 \u043c\u0435\u0436\u0434\u0443\u043d\u0430\u0440\u043e\u0434\u043d\u043e\u0439 \u043a\u043e\u043c\u043f\u0430\u043d\u0438\u0435\u0439 &#8211; \u0411\u0440\u0435\u043c\u0435\u043d, \u043d\u043e\u044f\u0431\u0440\u044c 2006<\/li>\n<li>Government Relations: \u0430\u043d\u0430\u043b\u0438\u0437 \u043f\u043e\u043b\u0438\u0442\u0438\u0447\u0435\u0441\u043a\u0438\u0445 \u0432\u043e\u0437\u043c\u043e\u0436\u043d\u043e\u0441\u0442\u0435\u0439 \u0434\u043b\u044f \u0431\u0438\u0437\u043d\u0435\u0441\u0430 \u0438 \u043e\u0431\u0449\u0435\u0441\u0442\u0432\u0430 \u2013 \u041c\u043e\u0441\u043a\u0432\u0430, \u044f\u043d\u0432\u0430\u0440\u044c 2008<\/li>\n<li>\u041c\u043e\u0434\u0435\u0440\u0438\u043d\u0438\u0437\u0430\u0446\u0438\u044f \u0438 \u0433\u0443\u043c\u0430\u043d\u0438\u0437\u0430\u0446\u0438\u044f: \u0448\u0430\u043d\u0441\u044b \u0434\u043b\u044f \u0417\u0430\u043f\u0430\u0434\u043d\u043e\u0439 \u0438 \u0412\u043e\u0441\u0442\u043e\u0447\u043d\u043e\u0439 \u0415\u0432\u0440\u043e\u0432\u044b &#8211; \u0411\u0435\u0440\u043b\u0438\u043d, 2010-2011<\/li>\n<li>\u041a\u043e\u0440\u043f\u043e\u0440\u0430\u0442\u0438\u0432\u043d\u0430\u044f \u0441\u043e\u0446\u0438\u0430\u043b\u044c\u043d\u0430\u044f \u043e\u0442\u0432\u0435\u0442\u0441\u0442\u0432\u0435\u043d\u043d\u043e\u0441\u0442\u044c: \u042d\u043a\u043e\u043d\u043e\u043c\u0438\u0447\u0435\u0441\u043a\u0438\u0435 \u043c\u043e\u0434\u0435\u043b\u0438 &#8211; \u041c\u043e\u0440\u0430\u043b\u044c &#8211; \u0423\u0441\u043f\u0435\u0445 &#8211; \u0423\u0441\u0442\u043e\u0439\u0447\u0438\u0432\u043e\u0435 \u0440\u0430\u0437\u0432\u0438\u0442\u0438\u0435, \u041c\u043e\u0441\u043a\u0432\u0430-\u0411\u0435\u0440\u043b\u0438\u043d, 2012<\/li>\n<li>\u0411\u0438\u0437\u043d\u0435\u0441-\u044d\u0442\u0438\u043a\u0430: \u044d\u043a\u043e\u043d\u043e\u043c\u0438\u0447\u0435\u0441\u043a\u0438\u0435 \u0442\u0440\u0435\u043d\u0434\u044b \u0438 \u043e\u0436\u0438\u0434\u0430\u043d\u0438\u044f \u043e\u0431\u0449\u0435\u0441\u0442\u0432\u0430; \u0411\u0435\u0440\u043b\u0438\u043d-\u041c\u043e\u0441\u043a\u0432\u0430, 2014<\/li>\n<li>\u00ab\u0425\u0440\u0438\u0441\u0442\u0438\u0430\u043d\u0441\u043a\u0438\u0435 \u0446\u0435\u043d\u043d\u043e\u0441\u0442\u0438 \u0432 \u0443\u0441\u043b\u043e\u0432\u0438\u044f\u0445 \u0433\u043b\u043e\u0431\u0430\u043b\u044c\u043d\u043e\u0433\u043e \u0432\u044b\u0437\u043e\u0432\u0430\u00bb; \u041c\u043e\u0441\u043a\u0432\u0430, 2016<\/li>\n<\/ul>\n<p>&nbsp;<\/p>\n","protected":false},"excerpt":{"rendered":"<p>Konferenzreihe West-Ost-Diskurs Das West-Ost-Institut f\u00fchrt die etablierte internationale Konferenzreihe West-Ost-Diskurs fort. Die Themen der Konferenzen spiegeln die Chancen und Probleme in den au\u00dfenwirtschaftlichen Beziehungen, die interkulturellen Differenzen, die unterschiedlichen Erfahrungen in der Unternehmenskommunikation und die unterschiedlichen M\u00f6glichkeiten der Einbeziehung der \u00d6ffentlichkeit in West und Ost wider.\u00a0 Die Konferenzen der Reihe sind ein Treffpunkt von Wissenschaftlern, &hellip; <a href=\"https:\/\/westost.eu\/?page_id=34\" class=\"more-link\"><span class=\"screen-reader-text\">Konferenzen \/ \u041a\u043e\u043d\u0444\u0435\u0440\u0435\u043d\u0446\u0438\u0438<\/span> weiterlesen<\/a><\/p>\n","protected":false},"author":1,"featured_media":0,"parent":0,"menu_order":40,"comment_status":"closed","ping_status":"closed","template":"","meta":{"footnotes":""},"class_list":["post-34","page","type-page","status-publish","hentry"],"_links":{"self":[{"href":"https:\/\/westost.eu\/index.php?rest_route=\/wp\/v2\/pages\/34","targetHints":{"allow":["GET"]}}],"collection":[{"href":"https:\/\/westost.eu\/index.php?rest_route=\/wp\/v2\/pages"}],"about":[{"href":"https:\/\/westost.eu\/index.php?rest_route=\/wp\/v2\/types\/page"}],"author":[{"embeddable":true,"href":"https:\/\/westost.eu\/index.php?rest_route=\/wp\/v2\/users\/1"}],"replies":[{"embeddable":true,"href":"https:\/\/westost.eu\/index.php?rest_route=%2Fwp%2Fv2%2Fcomments&post=34"}],"version-history":[{"count":5,"href":"https:\/\/westost.eu\/index.php?rest_route=\/wp\/v2\/pages\/34\/revisions"}],"predecessor-version":[{"id":208,"href":"https:\/\/westost.eu\/index.php?rest_route=\/wp\/v2\/pages\/34\/revisions\/208"}],"wp:attachment":[{"href":"https:\/\/westost.eu\/index.php?rest_route=%2Fwp%2Fv2%2Fmedia&parent=34"}],"curies":[{"name":"wp","href":"https:\/\/api.w.org\/{rel}","templated":true}]}}