{"id":21,"date":"2017-04-29T10:12:46","date_gmt":"2017-04-29T10:12:46","guid":{"rendered":"http:\/\/west-ost-institut.de\/?page_id=21"},"modified":"2017-05-01T08:11:56","modified_gmt":"2017-05-01T08:11:56","slug":"netzwerk-%d0%bf%d0%b0%d1%80%d1%82%d0%bd%d0%b5%d1%80%d1%8b","status":"publish","type":"page","link":"https:\/\/westost.eu\/?page_id=21","title":{"rendered":"Netzwerk \/ \u041f\u0430\u0440\u0442\u043d\u0435\u0440\u044b"},"content":{"rendered":"<h3><span style=\"color: #808080;\"><strong>Hochschulen<\/strong><\/span><\/h3>\n<p>Akademie f\u00fcr Volkswirtschaft und Staatlichen Dinst beim Pr\u00e4sidenten der Russischen F\u00f6deration (Universit\u00e4t) &#8211; Moskau, Russland<\/p>\n<p>Dagestan Staatliches Institut f\u00fcr Volkswirtschaft &#8211; Machatschkala, Dagestan, Russland<\/p>\n<p>Moskauer staatliche Akademie f\u00fcr Kommunalwirtschaft und Bauwesen (FH), Moskau, Russland<\/p>\n<p>Moskauer Universit\u00e4t f\u00fcr Geistwiessenschaften<\/p>\n<p>National Institute of Business &#8211; Moskau, Russland<\/p>\n<p>Nationale Vadym Hetman Universit\u00e4t f\u00fcr Wirtschaft &#8211; Kiew, Ukraine<\/p>\n<p>Ostroh Academy National University &#8211; Ostroh, Ukraine<\/p>\n<p>Pavlodar Staatliche Universit\u00e4t, Pavlodar, Kasachstan<\/p>\n<p>Peoples&#8216; Friendship University of Russia &#8211; Moskau, Russland<\/p>\n<p>Staatliche P\u00e4dagogische Universit\u00e4t Tscheljabinsk &#8211; Tscheljabinsk, Russland<\/p>\n<p>Staatliche Universit\u00e4t Sankt Petersburg &#8211; Sankt Petersburg, Russland<\/p>\n<p>Staatliche Universit\u00e4t S\u00fcdural &#8211; Tscheljabinsk, Russland<\/p>\n<p>Urals State University of Economics &#8211; Jekaterinburg, Russland<\/p>\n<h3><span style=\"color: #808080;\"><strong>Weitere Institutionen<\/strong><\/span><\/h3>\n<p>BrandLab Company, Moskau<\/p>\n<p>Central Economics and Mathematics Institute Institute of the Russian Academy of Sciences<\/p>\n<p>Club de Russie<\/p>\n<p>Europainstitut der Akademie der Wissenschaften der Russischen F\u00f6deration<\/p>\n<p>Foundation of the Development of Russia<\/p>\n<p>Vereinigung \u201eEurop\u00e4ischer Klub der Wirtschaftwissenschaftler\u201c<\/p>\n<hr \/>\n<h3><span style=\"color: #808080;\"><strong>\u0412\u0443\u0437\u044b \u0438 \u041d\u0418\u0418 <\/strong><\/span><\/h3>\n<p>\u0410\u043a\u0430\u0434\u0435\u043c\u0438\u044f \u043d\u0430\u0440\u043e\u0434\u043d\u043e\u0433\u043e \u0445\u043e\u0437\u044f\u0439\u0441\u0442\u0432\u0430 \u0438 \u0433\u043e\u0441\u0443\u0434\u0430\u0440\u0441\u0442\u0432\u0435\u043d\u043d\u043e\u0439 \u0441\u043b\u0443\u0436\u0431\u044b \u043f\u0440\u0438 \u041f\u0440\u0435\u0437\u0438\u0434\u0435\u043d\u0442\u0435 \u0420\u0424, \u041c\u043e\u0441\u043a\u0432\u0430, \u0420\u043e\u0441\u0441\u0438\u044f<\/p>\n<p>\u0414\u0430\u0433\u0435\u0441\u0442\u0430\u043d\u0441\u043a\u0438\u0439 \u0433\u043e\u0441\u0443\u0434\u0430\u0440\u0441\u0442\u0432\u0435\u043d\u043d\u044b\u0439 \u0438\u043d\u0441\u0442\u0438\u0442\u0443\u0442 \u043d\u0430\u0440\u043e\u0434\u043d\u043e\u0433\u043e \u0445\u043e\u0437\u044f\u0439\u0441\u0442\u0432\u0430, \u041c\u0430\u0445\u0430\u0447\u043a\u0430\u043b\u0430, \u0414\u0430\u0433\u0435\u0441\u0442\u0430\u043d, \u0420\u0424<\/p>\n<p>\u0418\u043d\u0441\u0442\u0438\u0442\u0443\u0442 \u0415\u0432\u0440\u043e\u043f\u044b \u0420\u043e\u0441\u0441\u0438\u0439\u0441\u043a\u043e\u0439 \u0430\u043a\u0430\u0434\u0435\u043c\u0438\u0438 \u043d\u0430\u0443\u043a, \u0420\u0410\u041d, \u041c\u043e\u0441\u043a\u0432\u0430, \u0420\u0424<\/p>\n<p id=\"firstHeading\">\u041c\u043e\u0441\u043a\u043e\u0432\u0441\u043a\u0430\u044f \u0433\u043e\u0441\u0443\u0434\u0430\u0440\u0441\u0442\u0432\u0435\u043d\u043d\u0430\u044f \u0430\u043a\u0430\u0434\u0435\u043c\u0438\u044f \u043a\u043e\u043c\u043c\u0443\u043d\u0430\u043b\u044c\u043d\u043e\u0433\u043e \u0445\u043e\u0437\u044f\u0439\u0441\u0442\u0432\u0430 \u0438 \u0441\u0442\u0440\u043e\u0438\u0442\u0435\u043b\u044c\u0441\u0442\u0432\u0430<\/p>\n<p id=\"firstHeading\">\u041c\u043e\u0441\u043a\u043e\u0432\u0441\u043a\u0438\u0439 \u0433\u0443\u043c\u0430\u043d\u0438\u0442\u0430\u0440\u043d\u044b\u0439 \u0443\u043d\u0438\u0432\u0435\u0440\u0441\u0438\u0442\u0435\u0442<\/p>\n<p>\u041d\u0430\u0446\u0438\u043e\u043d\u0430\u043b\u044c\u043d\u044b\u0439 \u0438\u043d\u0441\u0442\u0438\u0442\u0443\u0442 \u0431\u0438\u0437\u043d\u0435\u0441\u0430, \u041c\u043e\u0441\u043a\u0432\u0430, \u0420\u0424<\/p>\n<p>\u041d\u0430\u0446\u0438\u043e\u043d\u0430\u043b\u044c\u043d\u044b\u0439 \u0443\u043d\u0438\u0432\u0435\u0440\u0441\u0438\u0442\u0435\u0442 \u00ab\u041e\u0441\u0442\u0440\u043e\u0436\u0441\u043a\u0430\u044f \u0410\u043a\u0430\u0434\u0435\u043c\u0438\u044f\u00bb, \u041e\u0441\u0442\u0440\u043e\u0433, \u0423\u043a\u0440\u0430\u0438\u043d\u0430<\/p>\n<p>\u041d\u0430\u0446\u0438\u043e\u043d\u0430\u043b\u044c\u043d\u044b\u0439 \u044d\u043a\u043e\u043d\u043e\u043c\u0438\u0447\u0435\u0441\u043a\u0438\u0439 \u0443\u043d\u0438\u0432\u0435\u0440\u0441\u0438\u0442\u0435\u0442 \u0438\u043c. \u0412\u0430\u0434\u0438\u043c\u0430 \u0413\u0435\u0442\u043c\u0430\u043d\u0430, \u041a\u0438\u0435\u0432, \u0423\u043a\u0440\u0430\u0438\u043d\u0430<\/p>\n<p>\u041f\u0430\u0432\u043b\u043e\u0434\u0430\u0440\u0441\u043a\u0438\u0439 \u0433\u043e\u0441\u0443\u0434\u0430\u0440\u0441\u0442\u0432\u0435\u043d\u043d\u044b\u0439 \u0443\u043d\u0438\u0432\u0435\u0440\u0441\u0438\u0442\u0435\u0442, \u041a\u0430\u0437\u0430\u0445\u0441\u0442\u0430\u043d<\/p>\n<p>\u0420\u043e\u0441\u0441\u0438\u0439\u0441\u043a\u0438\u0439 \u0443\u043d\u0438\u0432\u0435\u0440\u0441\u0438\u0442\u0435\u0442 \u0434\u0440\u0443\u0436\u0431\u044b \u043d\u0430\u0440\u043e\u0434\u043e\u0432, \u041c\u043e\u0441\u043a\u0432\u0430, \u0420\u0424<\/p>\n<p>\u0420\u0443\u0441\u0441\u043a\u0438\u0439 \u0438\u043d\u0441\u0442\u0438\u0442\u0443\u0442 \u043c\u043d\u043e\u0433\u043e\u0443\u0440\u043e\u0432\u043d\u0435\u0432\u043e\u0433\u043e \u043f\u0440\u043e\u0444\u0435\u0441\u0441\u0438\u043e\u043d\u0430\u043b\u044c\u043d\u043e\u0433\u043e \u043e\u0431\u0440\u0430\u0437\u043e\u0432\u0430\u043d\u0438\u044f<\/p>\n<p>\u0421\u0430\u043d\u043a\u0442-\u041f\u0435\u0442\u0435\u0440\u0431\u0443\u0440\u0433\u0441\u043a\u0438\u0439 \u0433\u043e\u0441\u0443\u0434\u0430\u0440\u0441\u0442\u0432\u0435\u043d\u043d\u044b\u0439 \u0443\u043d\u0438\u0432\u0435\u0440\u0441\u0438\u0442\u0435\u0442, \u0420\u0424<\/p>\n<p>\u0423\u0440\u0430\u043b\u044c\u0441\u043a\u0438\u0439 \u0433\u043e\u0441\u0443\u0434\u0430\u0440\u0441\u0442\u0432\u0435\u043d\u043d\u044b\u0439 \u044d\u043a\u043e\u043d\u043e\u043c\u0438\u0447\u0435\u0441\u043a\u0438\u0439 \u0443\u043d\u0438\u0432\u0435\u0440\u0441\u0438\u0442\u0435\u0442, \u0415\u043a\u0430\u0442\u0435\u0440\u0438\u043d\u0431\u0443\u0440\u0433, \u0420\u0424<\/p>\n<p>\u0426\u0435\u043d\u0442\u0440\u0430\u043b\u044c\u043d\u044b\u0439 \u044d\u043a\u043e\u043d\u043e\u043c\u0438\u043a\u043e-\u043c\u0430\u0442\u0435\u043c\u0430\u0442\u0438\u0447\u0435\u0441\u043a\u0438\u0439 \u0438\u043d\u0441\u0442\u0438\u0442\u0443\u0442 \u0420\u043e\u0441\u0441\u0438\u0439\u0441\u043a\u043e\u0439 \u0430\u043a\u0430\u0434\u0435\u043c\u0438\u0438 \u043d\u0430\u0443\u043a, \u0420\u0410\u041d, \u041c\u043e\u0441\u043a\u0432\u0430, \u0420\u0424<\/p>\n<p>\u0427\u0435\u043b\u044f\u0431\u0438\u043d\u0441\u043a\u0438\u0439 \u0433\u043e\u0441\u0443\u0434\u0430\u0440\u0441\u0442\u0432\u0435\u043d\u043d\u044b\u0439 \u043f\u0435\u0434\u0430\u0433\u043e\u0433\u0438\u0447\u0435\u0441\u043a\u0438\u0439 \u0443\u043d\u0438\u0432\u0435\u0440\u0441\u0438\u0442\u0435\u0442, \u0427\u0435\u043b\u044f\u0431\u0438\u043d\u0441\u043a, \u0420\u0424<\/p>\n<p>\u042e\u0436\u043d\u043e-\u0423\u0440\u0430\u043b\u044c\u0441\u043a\u0438\u0439 \u0433\u043e\u0441\u0443\u0434\u0430\u0440\u0441\u0442\u0432\u0435\u043d\u043d\u044b\u0439 \u0443\u043d\u0438\u0432\u0435\u0440\u0441\u0438\u0442\u0435\u0442, \u0427\u0435\u043b\u044f\u0431\u0438\u043d\u0441\u043a, \u0420\u0424<\/p>\n<h3><span style=\"color: #808080;\"><strong>\u0414\u0440\u0443\u0433\u0438\u0435 \u043e\u0440\u0433\u0430\u043d\u0438\u0437\u0430\u0446\u0438\u0438<\/strong><\/span><\/h3>\n<p>BrandLab Company, \u041c\u043e\u0441\u043a\u0432\u0430, \u0420\u0424<\/p>\n<p>Club de Russie, \u0411\u0435\u0440\u043b\u0438\u043d \u2013 \u041c\u043e\u0441\u043a\u0432\u0430<\/p>\n<p>\u0410\u0441\u0441\u043e\u0446\u0438\u0430\u0446\u0438\u044f \u00ab\u0415\u0432\u0440\u0430\u0437\u0438\u0439\u0441\u043a\u0438\u0439 \u044d\u043a\u043e\u043d\u043e\u043c\u0438\u0447\u0435\u0441\u043a\u0438\u0439 \u043a\u043b\u0443\u0431 \u0443\u0447\u0435\u043d\u044b\u0445\u00bb<\/p>\n<p>\u0424\u043e\u043d\u0434 \u0440\u0430\u0437\u0432\u0438\u0442\u0438\u044f \u0420\u043e\u0441\u0441\u0438\u0438, \u041c\u043e\u0441\u043a\u0432\u0430, \u0420\u0424<\/p>\n<p>\u0421\u0442\u0440\u0430\u0442\u0435\u0433\u0438\u0447\u0435\u0441\u043a\u043e\u0435 \u043f\u0430\u0440\u0442\u043d\u0435\u0440\u0441\u0442\u0432\u043e \u043f\u043e \u043e\u043a\u0430\u0437\u0430\u043d\u0438\u044e \u043a\u043e\u043d\u0441\u0430\u043b\u0442\u0438\u043d\u0433\u043e\u0432\u044b\u0445 \u0443\u0441\u043b\u0443\u0433 \u0438 \u043f\u0440\u043e\u0432\u0435\u0434\u0435\u043d\u0438\u044e PR-\u0410\u043a\u0446\u0438\u0439 \u0434\u043b\u044f \u0440\u043e\u0441\u0441\u0438\u0439\u0441\u043a\u0438\u0445 \u043e\u0440\u0433\u0430\u043d\u0438\u0437\u0430\u0446\u0438\u0439 \u043d\u0430 \u0442\u0435\u0440\u0440\u0438\u0442\u043e\u0440\u0438\u0438 \u0413\u0435\u0440\u043c\u0430\u043d\u0438\u0438 \u2013 \u0410\u0433\u0435\u043d\u0442\u0441\u0442\u0432\u043e <a href=\"http:\/\/www.kaisercommunication.de\/\">KaiserCommunication GmbH<\/a><\/p>\n","protected":false},"excerpt":{"rendered":"<p>Hochschulen Akademie f\u00fcr Volkswirtschaft und Staatlichen Dinst beim Pr\u00e4sidenten der Russischen F\u00f6deration (Universit\u00e4t) &#8211; Moskau, Russland Dagestan Staatliches Institut f\u00fcr Volkswirtschaft &#8211; Machatschkala, Dagestan, Russland Moskauer staatliche Akademie f\u00fcr Kommunalwirtschaft und Bauwesen (FH), Moskau, Russland Moskauer Universit\u00e4t f\u00fcr Geistwiessenschaften National Institute of Business &#8211; Moskau, Russland Nationale Vadym Hetman Universit\u00e4t f\u00fcr Wirtschaft &#8211; Kiew, Ukraine &hellip; <a href=\"https:\/\/westost.eu\/?page_id=21\" class=\"more-link\"><span class=\"screen-reader-text\">Netzwerk \/ \u041f\u0430\u0440\u0442\u043d\u0435\u0440\u044b<\/span> weiterlesen<\/a><\/p>\n","protected":false},"author":1,"featured_media":0,"parent":0,"menu_order":30,"comment_status":"closed","ping_status":"closed","template":"","meta":{"footnotes":""},"class_list":["post-21","page","type-page","status-publish","hentry"],"_links":{"self":[{"href":"https:\/\/westost.eu\/index.php?rest_route=\/wp\/v2\/pages\/21","targetHints":{"allow":["GET"]}}],"collection":[{"href":"https:\/\/westost.eu\/index.php?rest_route=\/wp\/v2\/pages"}],"about":[{"href":"https:\/\/westost.eu\/index.php?rest_route=\/wp\/v2\/types\/page"}],"author":[{"embeddable":true,"href":"https:\/\/westost.eu\/index.php?rest_route=\/wp\/v2\/users\/1"}],"replies":[{"embeddable":true,"href":"https:\/\/westost.eu\/index.php?rest_route=%2Fwp%2Fv2%2Fcomments&post=21"}],"version-history":[{"count":4,"href":"https:\/\/westost.eu\/index.php?rest_route=\/wp\/v2\/pages\/21\/revisions"}],"predecessor-version":[{"id":210,"href":"https:\/\/westost.eu\/index.php?rest_route=\/wp\/v2\/pages\/21\/revisions\/210"}],"wp:attachment":[{"href":"https:\/\/westost.eu\/index.php?rest_route=%2Fwp%2Fv2%2Fmedia&parent=21"}],"curies":[{"name":"wp","href":"https:\/\/api.w.org\/{rel}","templated":true}]}}