{"id":12,"date":"2017-04-25T19:41:27","date_gmt":"2017-04-25T19:41:27","guid":{"rendered":"http:\/\/west-ost-institut.de\/?page_id=12"},"modified":"2025-01-20T11:27:57","modified_gmt":"2025-01-20T11:27:57","slug":"das-institut","status":"publish","type":"page","link":"https:\/\/westost.eu\/","title":{"rendered":"Das Institut \/ \u0418\u043d\u0441\u0442\u0438\u0442\u0443\u0442"},"content":{"rendered":"<h3><span style=\"color: #333399;\"><strong><img loading=\"lazy\" decoding=\"async\" class=\"alignleft wp-image-189\" src=\"http:\/\/westost.eu\/wp-content\/uploads\/2017\/04\/west-ost-1-174x300.jpg\" alt=\"\" width=\"80\" height=\"138\" srcset=\"https:\/\/westost.eu\/wp-content\/uploads\/2017\/04\/west-ost-1-174x300.jpg 174w, https:\/\/westost.eu\/wp-content\/uploads\/2017\/04\/west-ost-1.jpg 214w\" sizes=\"auto, (max-width: 80px) 100vw, 80px\" \/><\/strong><\/span><span style=\"color: #808080;\"><strong>West-Ost Institut Berlin<\/strong><\/span><\/h3>\n<div class=\"items-leading\">\n<div class=\"leading-0\">\n<div class=\"gml-post\">\n<div class=\"gml-post-body\">\n<div class=\"gml-post-inner\">\n<div class=\"gml-postcontent\">\n<div class=\"gml-article\">\n<p>Das West-Ost Institut ist eine Einrichtung f\u00fcr Lehre, Forschung, Qualifizierung und Beratung im Rahmen der internationalen Partnerschaften zwischen West und Ost. Das spezifische Aufgabengebiet bezieht sich auf die noch immer wachsenden Kontakte zwischen west- und osteurop\u00e4ischen L\u00e4ndern, die sich auf allen Ebenen von Wirtschaft, Politik, Gesellschaft, Kultur und Bildung entwickeln.<\/p>\n<p>Die steigende Intensit\u00e4t der Zusammenarbeit ist verbunden mit einem wachsenden Bed\u00fcrfnis, entstehende Probleme auf wissenschaftlichem Niveau zu betrachten und entsprechende L\u00f6sungen zu finden. Interkulturelles Missverst\u00e4ndnis steht oft im Mittelpunkt der Fehlentscheidungen, von abgebrochenen Vertr\u00e4gen und nicht realisierten Erwartungen. Die Analyse der Kontakte und der dabei auftretenden Probleme soll nicht nur neues Wissen schaffen, sondern dieses Wissen auch vermitteln und beitragen, die Probleme in der Praxis\u00a0 zu l\u00f6sen bzw. zu reduzieren.<\/p>\n<p><strong><span style=\"color: #003366;\"><em>Hier finden Sie die monatliche politische Analyse\u00a0<a style=\"color: #003366;\" href=\"http:\/\/westost.eu\/?page_id=332\"><br \/>\nRUSSLAND INTERN\u00a0von\u00a0Prof. Dr. Eberhard Schneider<\/a><\/em><\/span><\/strong><\/p>\n<\/div>\n<\/div>\n<\/div>\n<\/div>\n<\/div>\n<\/div>\n<\/div>\n<hr \/>\n<h3><span style=\"color: #333399;\"><strong><img loading=\"lazy\" decoding=\"async\" class=\"alignleft wp-image-189\" src=\"http:\/\/westost.eu\/wp-content\/uploads\/2017\/04\/west-ost-1-174x300.jpg\" alt=\"\" width=\"80\" height=\"138\" srcset=\"https:\/\/westost.eu\/wp-content\/uploads\/2017\/04\/west-ost-1-174x300.jpg 174w, https:\/\/westost.eu\/wp-content\/uploads\/2017\/04\/west-ost-1.jpg 214w\" sizes=\"auto, (max-width: 80px) 100vw, 80px\" \/><\/strong><\/span><span style=\"color: #808080;\">\u0411\u0435\u0440\u043b\u0438\u043d\u0441\u043a\u0438\u0439 \u0412\u0435\u0441\u0442-\u041e\u0441\u0442 \u0418\u043d\u0441\u0442\u0438\u0442\u0443\u0442<\/span><\/h3>\n<p class=\"gml-postheader\">\u0411\u0435\u0440\u043b\u0438\u043d\u0441\u043a\u0438\u0439 \u0412\u0435\u0441\u0442-\u041e\u0441\u0442 \u0438\u043d\u0441\u0442\u0438\u0442\u0443\u0442 (\u0418\u043d\u0441\u0442\u0438\u0442\u0443\u0442 \u043c\u0435\u0436\u0434\u0443\u043d\u0430\u0440\u043e\u0434\u043d\u043e\u0433\u043e \u043c\u0435\u043d\u0435\u0434\u0436\u043c\u0435\u043d\u0442\u0430 \u0438 \u0438\u043c\u0438\u0434\u0436\u0435\u0432\u044b\u0445 \u0438\u0441\u0441\u043b\u0435\u0434\u043e\u0432\u0430\u043d\u0438\u0439) \u2013 \u043e\u0431\u0440\u0430\u0437\u043e\u0432\u0430\u0442\u0435\u043b\u044c\u043d\u043e\u0435, \u043d\u0430\u0443\u0447\u043d\u043e-\u0438\u0441\u0441\u043b\u0435\u0434\u043e\u0432\u0430\u0442\u0435\u043b\u044c\u0441\u043a\u043e\u0435 \u0438 \u043a\u043e\u043d\u0441\u0430\u043b\u0442\u0438\u043d\u0433\u043e\u0432\u043e\u0435 \u0443\u0447\u0440\u0435\u0436\u0434\u0435\u043d\u0438\u0435, \u0440\u0430\u0431\u043e\u0442\u0430\u044e\u0449\u0435\u0435 \u0432 \u0441\u0438\u0441\u0442\u0435\u043c\u0435 \u0432\u044b\u0441\u0448\u0435\u0433\u043e \u043e\u0431\u0440\u0430\u0437\u043e\u0432\u0430\u043d\u0438\u044f. \u0418\u043d\u0441\u0442\u0438\u0442\u0443\u0442 \u0437\u0430\u043d\u0438\u043c\u0430\u0435\u0442\u0441\u044f \u0444\u0443\u043d\u0434\u0430\u043c\u0435\u043d\u0442\u0430\u043b\u044c\u043d\u044b\u043c\u0438 \u0438 \u043f\u0440\u0438\u043a\u043b\u0430\u0434\u043d\u044b\u043c\u0438 \u0438\u0441\u0441\u043b\u0435\u0434\u043e\u0432\u0430\u043d\u0438\u044f\u043c\u0438, \u043f\u0440\u043e\u0432\u043e\u0434\u0438\u0442 \u043d\u0430\u0443\u0447\u043d\u044b\u0435 \u0438 \u043f\u0440\u0430\u043a\u0442\u0438\u0447\u0435\u0441\u043a\u0438\u0435 \u043a\u043e\u043d\u0444\u0435\u0440\u0435\u043d\u0446\u0438\u0438, \u0444\u043e\u0440\u0443\u043c\u044b, \u0441\u044a\u0435\u0437\u0434\u044b, \u0440\u0430\u0437\u0432\u0438\u0432\u0430\u0435\u0442 \u043f\u0440\u043e\u0433\u0440\u0430\u043c\u043c\u044b \u043f\u043e\u0432\u044b\u0448\u0435\u043d\u0438\u044f \u043a\u0432\u0430\u043b\u0438\u0444\u0438\u043a\u0430\u0446\u0438\u0438 \u0438 \u0441\u043e\u0434\u0435\u0439\u0441\u0442\u0432\u0443\u0435\u0442 \u0443\u0441\u0442\u0430\u043d\u043e\u0432\u043b\u0435\u043d\u0438\u044e \u044d\u043a\u043e\u043d\u043e\u043c\u0438\u0447\u0435\u0441\u043a\u043e\u0433\u043e \u0438 \u043f\u043e\u043b\u0438\u0442\u0438\u0447\u0435\u0441\u043a\u043e\u0433\u043e \u0432\u0437\u0430\u0438\u043c\u043e\u0434\u0435\u0439\u0441\u0442\u0432\u0438\u044f.<\/p>\n<div class=\"gml-postcontent\">\n<div class=\"gml-article\">\n<p>\u0414\u0435\u044f\u0442\u0435\u043b\u044c\u043d\u043e\u0441\u0442\u044c \u0438\u043d\u0441\u0442\u0438\u0442\u0443\u0442\u0430 \u043e\u043f\u0440\u0435\u0434\u0435\u043b\u0435\u043d\u0430 \u0432\u043e\u0437\u0440\u0430\u0441\u0442\u0430\u044e\u0449\u0438\u043c \u044d\u043a\u043e\u043d\u043e\u043c\u0438\u0447\u0435\u0441\u043a\u0438\u043c, \u0441\u043e\u0446\u0438\u0430\u043b\u044c\u043d\u044b\u043c, \u043f\u043e\u043b\u0438\u0442\u0438\u0447\u0435\u0441\u043a\u0438\u043c \u0438 \u043a\u0443\u043b\u044c\u0442\u0443\u0440\u043d\u044b\u043c \u043f\u0430\u0440\u0442\u043d\u0435\u0440\u0441\u0442\u0432\u043e\u043c \u0441\u0442\u0440\u0430\u043d \u0417\u0430\u043f\u0430\u0434\u043d\u043e\u0439 \u0438 \u0412\u043e\u0441\u0442\u043e\u0447\u043d\u043e\u0439 \u0415\u0432\u0440\u043e\u043f\u044b. \u0412\u0437\u0430\u0438\u043c\u043e\u0434\u0435\u0439\u0441\u0442\u0432\u0438\u0435 \u043b\u044e\u0431\u044b\u0445 \u043a\u0443\u043b\u044c\u0442\u0443\u0440 \u043d\u0435\u0438\u0437\u0431\u0435\u0436\u043d\u043e \u0441\u0432\u044f\u0437\u0430\u043d\u043e \u0441 \u0440\u0430\u0437\u043d\u043e\u0433\u043e \u0440\u043e\u0434\u0430 \u043f\u0440\u043e\u0431\u043b\u0435\u043c\u0430\u043c\u0438. \u0417\u0430\u0434\u0430\u0447\u0435\u0439 \u0438\u043d\u0441\u0442\u0438\u0442\u0443\u0442\u0430 \u044f\u0432\u043b\u044f\u0435\u0442\u0441\u044f \u043a\u0430\u043a \u0438\u0441\u0441\u043b\u0435\u0434\u043e\u0432\u0430\u043d\u0438\u0435 \u0442\u0430\u043a\u0438\u0445 \u043f\u0440\u043e\u0431\u043b\u0435\u043c \u0432\u044b\u0440\u0430\u0431\u043e\u0442\u043a\u0430 \u043f\u0440\u0435\u0434\u043b\u043e\u0436\u0435\u043d\u0438\u0439 \u043f\u043e \u0438\u0445 \u043f\u0440\u0430\u043a\u0442\u0438\u0447\u0435\u0441\u043a\u0438\u043c \u0440\u0435\u0448\u0435\u043d\u0438\u044f\u043c. \u041e\u0441\u043e\u0431\u043e\u0435 \u0432\u043d\u0438\u043c\u0430\u043d\u0438\u0435 \u0443\u0434\u0435\u043b\u044f\u0435\u0442\u0441\u044f \u0432\u043e\u043f\u0440\u043e\u0441\u0430\u043c \u0438\u043c\u0438\u0434\u0436\u0430, \u043a\u043e\u043c\u043c\u0443\u043d\u0438\u043a\u0430\u0446\u0438\u0438, \u043c\u0435\u0436\u0434\u0443\u043d\u0430\u0440\u043e\u0434\u043d\u043e\u0433\u043e \u0438 \u0438\u043d\u0442\u0435\u0440\u043a\u0443\u043b\u044c\u0442\u0443\u0440\u043d\u043e\u0433\u043e \u043c\u0435\u043d\u0435\u0434\u0436\u043c\u0435\u043d\u0442\u0430.<\/p>\n<p>\u0418\u043d\u0441\u0442\u0438\u0442\u0443\u0442 \u0432\u044b\u0441\u0442\u0443\u043f\u0430\u0435\u0442 \u043a\u0430\u043a \u043f\u0430\u0440\u0442\u043d\u0435\u0440 \u043f\u043e \u0440\u0435\u0448\u0435\u043d\u0438\u044e \u043a\u043e\u043c\u043c\u0443\u043d\u0438\u043a\u0430\u0446\u0438\u043e\u043d\u043d\u044b\u0445 \u0438 \u0438\u043c\u0438\u0434\u0436\u0435\u0432\u044b\u0445 \u043f\u0440\u043e\u0431\u043b\u0435\u043c \u0441\u0443\u0431\u044a\u0435\u043a\u0442\u043e\u0432 \u044d\u043a\u043e\u043d\u043e\u043c\u0438\u0447\u0435\u0441\u043a\u043e\u0439 \u0438 \u043f\u043e\u043b\u0438\u0442\u0438\u0447\u0435\u0441\u043a\u043e\u0439 \u0434\u0435\u044f\u0442\u0435\u043b\u044c\u043d\u043e\u0441\u0442\u0438 (\u0442\u0435\u0440\u0440\u0438\u0442\u043e\u0440\u0438\u0430\u043b\u044c\u043d\u044b\u0445 \u0438 \u043f\u043e\u043b\u0438\u0442\u0438\u0447\u0435\u0441\u043a\u0438\u0445 \u043e\u0431\u0440\u0430\u0437\u043e\u0432\u0430\u043d\u0438\u0439, \u043a\u043e\u043c\u043f\u0430\u043d\u0438\u0439, \u043f\u0440\u0435\u0434\u043f\u0440\u0438\u044f\u0442\u0438\u0439 \u0438 \u0444\u0438\u0440\u043c \u0440\u0430\u0437\u043d\u043e\u0439 \u0444\u043e\u0440\u043c \u0441\u043e\u0431\u0441\u0442\u0432\u0435\u043d\u043d\u043e\u0441\u0442\u0438). \u0418\u043d\u0441\u0442\u0438\u0442\u0443\u0442 \u044f\u0432\u043b\u044f\u0435\u0442\u0441\u044f \u0442\u0430\u043a\u0436\u0435 \u043f\u0430\u0440\u0442\u043d\u0435\u0440\u043e\u043c \u0441\u0440\u0435\u0434\u0441\u0442\u0432 \u043c\u0430\u0441\u0441\u043e\u0432\u043e\u0439 \u0438\u043d\u0444\u043e\u0440\u043c\u0430\u0446\u0438\u0438, \u043f\u0440\u0435\u0434\u043e\u0441\u0442\u0430\u0432\u043b\u044f\u044f \u0438\u043c \u044d\u043a\u0441\u043f\u0435\u0440\u0442\u043d\u043e\u0435 \u043c\u043d\u0435\u043d\u0438\u0435 \u0438 \u0441\u043b\u0435\u0434\u043e\u0432\u0430\u0442\u0435\u043b\u044c\u0441\u043a\u0438\u0435 \u043c\u0430\u0442\u0435\u0440\u0438\u0430\u043b\u044b. \u0412\u0435\u0441\u0442-\u041e\u0441\u0442 \u0438\u043d\u0441\u0442\u0438\u0442\u0443\u0442 \u0441\u043e\u043f\u0440\u043e\u0432\u043e\u0436\u0434\u0430\u0435\u0442 \u0443\u0447\u0435\u0431\u043d\u044b\u0435 \u043f\u0440\u043e\u0433\u0440\u0430\u043c\u043c\u044b \u0432 \u043e\u0431\u043b\u0430\u0441\u0442\u0438 \u0432\u044b\u0441\u0448\u0435\u0433\u043e \u043e\u0431\u0440\u0430\u0437\u043e\u0432\u0430\u043d\u0438\u044f \u0438 \u043f\u043e\u0432\u044b\u0448\u0435\u043d\u0438\u044f \u043a\u0432\u0430\u043b\u0438\u0444\u0438\u043a\u0430\u0446\u0438\u0438, \u043e\u043a\u0430\u0437\u044b\u0432\u0430\u0435\u0442 \u043e\u0440\u0433\u0430\u043d\u0438\u0437\u0430\u0446\u0438\u043e\u043d\u043d\u0443\u044e \u0438 \u0441\u043e\u0434\u0435\u0440\u0436\u0430\u0442\u0435\u043b\u044c\u043d\u0443\u044e \u043f\u043e\u0434\u0434\u0435\u0440\u0436\u043a\u0443 \u0441\u0442\u0443\u0434\u0435\u043d\u0442\u0430\u043c \u0438 \u0443\u0447\u0435\u043d\u044b\u043c \u0438\u0437 \u0441\u0442\u0440\u0430\u043d \u0412\u043e\u0441\u0442\u043e\u0447\u043d\u043e\u0439 \u0438 \u0417\u0430\u043f\u0430\u0434\u043d\u043e\u0439 \u0415\u0432\u0440\u043e\u043f\u044b.<\/p>\n<p>\u0418\u0441\u0442\u043e\u0440\u0438\u044f\u00a0 \u0438\u043d\u0441\u0442\u0438\u0442\u0443\u0442\u0430 \u043d\u0430\u0447\u0438\u043d\u0430\u0435\u0442\u0441\u044f \u0432 2002 \u0433\u043e\u0434\u0443, \u043a\u043e\u0433\u0434\u0430 \u0432 \u0413\u0435\u0440\u043c\u0430\u043d\u0438\u0438 \u0431\u044b\u043b\u0430 \u043e\u0441\u043d\u043e\u0432\u0430\u043d\u0430 \u0441\u0435\u0440\u0438\u044f \u043c\u0435\u0436\u0434\u0443\u043d\u0430\u0440\u043e\u0434\u043d\u044b\u0445 \u043d\u0430\u0443\u0447\u043d\u043e-\u043f\u0440\u0430\u043a\u0442\u0438\u0447\u0435\u0441\u043a\u0438\u0445 \u043a\u043e\u043d\u0444\u0435\u0440\u0435\u043d\u0446\u0438\u0439 \u00ab\u0414\u0438\u0441\u043a\u0443\u0440\u0441: \u0417\u0430\u043f\u0430\u0434-\u0412\u043e\u0441\u0442\u043e\u043a\u00bb (\u201eWest-Ost-Diskurs\u201c). \u041e\u0440\u0433\u0430\u043d\u0438\u0437\u0430\u0442\u043e\u0440\u043e\u043c \u043a\u043e\u043d\u0444\u0435\u0440\u0435\u043d\u0446\u0438\u0438 \u0441\u0442\u0430\u043b \u0418\u043d\u0441\u0442\u0438\u0442\u0443\u0442 \u043c\u0438\u0440\u043e\u0432\u043e\u0439 \u044d\u043a\u043e\u043d\u043e\u043c\u0438\u043a\u0438 \u0438 \u043c\u0435\u0436\u0434\u0443\u043d\u0430\u0440\u043e\u0434\u043d\u043e\u0433\u043e \u043c\u0435\u043d\u0435\u0434\u0436\u043c\u0435\u043d\u0442\u0430 \u0411\u0440\u0435\u043c\u0435\u043d\u0441\u043a\u043e\u0433\u043e \u0443\u043d\u0438\u0432\u0435\u0440\u0441\u0438\u0442\u0435\u0442\u0430 \u0441 \u043f\u0440\u0438\u0432\u043b\u0435\u0447\u0435\u043d\u0438\u0435\u043c \u0434\u0440\u0443\u0433\u0438\u0445 \u043f\u0430\u0440\u0442\u043d\u0435\u0440\u043e\u0432 \u0438\u0437 \u0413\u0435\u0440\u043c\u0430\u043d\u0438\u0438 \u0438 \u0441\u0442\u0440\u0430\u043d \u0412\u043e\u0441\u0442\u043e\u0447\u043d\u043e\u0439 \u0415\u0432\u0440\u043e\u043f\u044b, \u0430 \u043f\u043e\u0434\u0433\u043e\u0442\u043e\u0432\u043a\u0443 \u0438 \u043f\u0440\u043e\u0432\u0435\u0434\u0435\u043d\u0438\u0435 \u043a\u043e\u043d\u0444\u0435\u0440\u0435\u043d\u0446\u0438\u0439 \u043e\u0441\u0443\u0449\u0435\u0441\u0442\u0432\u043b\u044f\u043b\u0430 \u0440\u0430\u0431\u043e\u0447\u0430\u044f \u0433\u0440\u0443\u043f\u043f\u0430 \u0432\u043e \u0433\u043b\u0430\u0432\u0435 \u0441 \u0410. \u041d. \u041a\u0440\u044b\u043b\u043e\u0432\u044b\u043c. \u041f\u043e\u0441\u0442\u0435\u043f\u0435\u043d\u043d\u043e \u0441\u0444\u043e\u0440\u043c\u0438\u0440\u043e\u0432\u0430\u043b\u0430\u0441\u044c \u0438 \u0443\u0442\u0432\u0435\u0440\u0434\u0438\u043b\u0430\u0441\u044c \u043d\u0430\u0443\u0447\u043d\u043e-\u0438\u0441\u0441\u043b\u0435\u0434\u043e\u0432\u0430\u0442\u0435\u043b\u044c\u0441\u043a\u0430\u044f \u0441\u043f\u0435\u0446\u0438\u0444\u0438\u043a\u0430 \u0440\u0430\u0431\u043e\u0447\u0435\u0439 \u0433\u0440\u0443\u043f\u043f\u044b \u2013 \u043c\u0435\u0436\u0434\u0443\u043d\u0430\u0440\u043e\u0434\u043d\u044b\u0439 \u043c\u0435\u043d\u0435\u0434\u0436\u043c\u0435\u043d\u0442, \u043a\u043e\u0440\u043f\u043e\u0440\u0430\u0442\u0438\u0432\u043d\u044b\u0435 \u043a\u043e\u043c\u043c\u0443\u043d\u0438\u043a\u0430\u0446\u0438\u0438, \u0432\u043e\u043f\u0440\u043e\u0441\u044b \u0438\u043c\u0438\u0434\u0436\u0430 \u0438 \u0440\u0435\u043f\u0443\u0442\u0430\u0446\u0438\u0438, \u043f\u0440\u043e\u0431\u043b\u0435\u043c\u044b \u0432\u0437\u0430\u0438\u043c\u043e\u0434\u0435\u0439\u0441\u0442\u0432\u0438\u044f \u0441\u0443\u0431\u044a\u0435\u043a\u0442\u043e\u0432 \u044d\u043a\u043e\u043d\u043e\u043c\u0438\u0447\u0435\u0441\u043a\u043e\u0439 \u0438 \u0441\u043e\u0446\u0438\u0430\u043b\u044c\u043d\u043e\u0439 \u0436\u0438\u0437\u043d\u0438 \u0417\u0430\u043f\u0430\u0434\u043d\u043e\u0439 \u0438 \u0412\u043e\u0441\u0442\u043e\u0447\u043d\u043e\u0439 \u0415\u0432\u0440\u043e\u043f\u044b. \u0412 2008 \u0433\u043e\u0434\u0443 \u0440\u0430\u0431\u043e\u0447\u0430\u044f \u0433\u0440\u0443\u043f\u043f\u0430 \u0441\u043e\u0432\u0435\u0440\u0448\u0438\u043b\u0430 \u0438\u043d\u0441\u0442\u0438\u0442\u0443\u0446\u0438\u043e\u043d\u0430\u043b\u044c\u043d\u043e\u0435 \u043f\u0440\u0435\u043e\u0431\u0440\u0430\u0437\u043e\u0432\u0430\u043d\u0438\u0435, \u043f\u0435\u0440\u0435\u043c\u0435\u0441\u0442\u0438\u0432, \u043f\u043e \u043f\u0440\u0438\u0433\u043b\u0430\u0448\u0435\u043d\u0438\u044e \u0423\u043d\u0438\u0432\u0435\u0440\u0441\u0438\u0442\u0435\u0442\u0430 \u043c\u0435\u043d\u0435\u0434\u0436\u043c\u0435\u043d\u0442\u0430 \u0438 \u043a\u043e\u043c\u043c\u0443\u043d\u0438\u043a\u0430\u0446\u0438\u0439 (\u041f\u043e\u0442\u0441\u0434\u0430\u043c), \u0446\u0435\u043d\u0442\u0440 \u0430\u0434\u043c\u0438\u043d\u0438\u0441\u0442\u0440\u0430\u0442\u0438\u0432\u043d\u043e\u0439 \u0434\u0435\u044f\u0442\u0435\u043b\u044c\u043d\u043e\u0441\u0442\u0438 \u0432 \u0411\u0435\u0440\u043b\u0438\u043d. \u0412 2010 \u0433. \u0438\u043d\u0441\u0442\u0438\u0442\u0443\u0442 \u043f\u0440\u0438\u043e\u0431\u0440\u0435\u043b \u0441\u0430\u043c\u043e\u0441\u0442\u043e\u044f\u0442\u0435\u043b\u044c\u043d\u044b\u0439 \u0441\u0442\u0430\u0442\u0443\u0441. \u0421\u0442\u0440\u0430\u0442\u0435\u0433\u0438\u0447\u0435\u0441\u043a\u0438\u0435 \u0440\u0435\u0448\u0435\u043d\u0438\u044f \u043f\u0440\u0438\u043d\u0438\u043c\u0430\u044e\u0442\u0441\u044f \u041f\u043e\u043f\u0435\u0447\u0438\u0442\u0435\u043b\u044c\u0441\u043a\u0438\u043c \u0441\u043e\u0432\u0435\u0442\u043e\u043c \u0438\u043d\u0441\u0442\u0438\u0442\u0443\u0442\u0430, \u0430 \u0440\u0443\u043a\u043e\u0432\u043e\u0434\u0441\u0442\u0432\u043e \u0438\u043d\u0441\u0442\u0438\u0442\u0443\u0442\u043e\u043c \u043e\u0441\u0443\u0449\u0435\u0441\u0442\u0432\u043b\u044f\u0435\u0442 \u0435\u0433\u043e \u0434\u0438\u0440\u0435\u043a\u0442\u043e\u0440 \u2013 \u0410. \u041d. \u041a\u0440\u044b\u043b\u043e\u0432. \u041f\u0440\u043e\u0432\u043e\u0434\u0438\u043c\u044b\u0435 \u0438\u043d\u0441\u0442\u0438\u0442\u0443\u0442\u043e\u043c \u043e\u0431\u0440\u0430\u0437\u043e\u0432\u0430\u0442\u0435\u043b\u044c\u043d\u044b\u0435 \u043f\u0440\u043e\u0433\u0440\u0430\u043c\u043c\u044b \u0432\u044b\u043f\u043e\u043b\u043d\u044f\u0435\u0442\u0441\u044f \u0441 \u043f\u0440\u0438\u0432\u043b\u0435\u0447\u0435\u043d\u0438\u0435\u043c \u043f\u0440\u043e\u0444\u0435\u0441\u0441\u043e\u0440\u043e\u0432 \u043f\u0430\u0440\u0442\u043d\u0435\u0440\u0441\u043a\u0438\u0445 \u0432\u0443\u0437\u043e\u0432, \u0430 \u0442\u0430\u043a\u0436\u0435 \u043f\u0440\u0430\u043a\u0442\u0438\u043a\u043e\u0432 \u2013 \u0440\u0443\u043a\u043e\u0432\u043e\u0434\u0438\u0442\u0435\u043b\u0435\u0439 \u043d\u0435\u043c\u0435\u0446\u043a\u0438\u0445 \u0438 \u0432\u043e\u0441\u0442\u043e\u0447\u043d\u043e\u0435\u0432\u0440\u043e\u043f\u0435\u0439\u0441\u043a\u0438\u0445 \u043a\u043e\u043c\u043f\u0430\u043d\u0438\u0439. \u041d\u0430\u0443\u0447\u043d\u044b\u0435 \u0438\u0441\u0441\u043b\u0435\u0434\u043e\u0432\u0430\u043d\u0438\u044f \u0438 \u043d\u0430\u0443\u0447\u043d\u044b\u0435 \u0434\u043e\u043a\u043b\u0430\u0434\u044b \u043f\u043e\u0434\u0433\u043e\u0442\u0430\u0432\u043b\u0438\u0432\u0430\u044e\u0442\u0441\u044f \u0430\u0441\u0441\u043e\u0446\u0438\u0438\u0440\u043e\u0432\u0430\u043d\u043d\u044b\u043c\u0438 \u0438\u0441\u0441\u043b\u0435\u0434\u043e\u0432\u0430\u0442\u0435\u043b\u044f\u043c\u0438 \u2013 \u043f\u0440\u0438\u0437\u043d\u0430\u043d\u043d\u044b\u043c\u0438 \u0441\u043f\u0435\u0446\u0438\u0430\u043b\u0438\u0441\u0442\u0430\u043c\u0438 \u0432 \u0440\u0430\u0437\u043b\u0438\u0447\u043d\u044b\u0445 \u043e\u0431\u043b\u0430\u0441\u0442\u044f\u0445 \u0437\u043d\u0430\u043d\u0438\u0439, \u043e\u0442\u043d\u043e\u0441\u044f\u0449\u0438\u0445\u0441\u044f \u043a \u0441\u0444\u0435\u0440\u0435 \u043a\u043e\u043c\u043f\u0435\u0442\u0435\u043d\u0446\u0438\u0438 \u0438\u043d\u0441\u0442\u0438\u0442\u0443\u0442\u0430.<\/p>\n<p><strong><em>Hier finden Sie die monatliche politische Analyse\u00a0<a href=\"http:\/\/westost.eu\/?page_id=332\"><br \/>\nRUSSLAND INTERN\u00a0von\u00a0Prof. Dr. Eberhard Schneider<\/a><\/em><\/strong><\/p>\n<p>&nbsp;<\/p>\n<p><img loading=\"lazy\" decoding=\"async\" class=\"alignnone wp-image-190 size-full\" src=\"http:\/\/westost.eu\/wp-content\/uploads\/2017\/04\/header-object-2.png\" alt=\"\" width=\"860\" height=\"180\" srcset=\"https:\/\/westost.eu\/wp-content\/uploads\/2017\/04\/header-object-2.png 860w, https:\/\/westost.eu\/wp-content\/uploads\/2017\/04\/header-object-2-300x63.png 300w, https:\/\/westost.eu\/wp-content\/uploads\/2017\/04\/header-object-2-768x161.png 768w\" sizes=\"auto, (max-width: 860px) 100vw, 860px\" \/><\/p>\n<\/div>\n<\/div>\n","protected":false},"excerpt":{"rendered":"<p>West-Ost Institut Berlin Das West-Ost Institut ist eine Einrichtung f\u00fcr Lehre, Forschung, Qualifizierung und Beratung im Rahmen der internationalen Partnerschaften zwischen West und Ost. Das spezifische Aufgabengebiet bezieht sich auf die noch immer wachsenden Kontakte zwischen west- und osteurop\u00e4ischen L\u00e4ndern, die sich auf allen Ebenen von Wirtschaft, Politik, Gesellschaft, Kultur und Bildung entwickeln. Die steigende &hellip; <a href=\"https:\/\/westost.eu\/\" class=\"more-link\"><span class=\"screen-reader-text\">Das Institut \/ \u0418\u043d\u0441\u0442\u0438\u0442\u0443\u0442<\/span> weiterlesen<\/a><\/p>\n","protected":false},"author":1,"featured_media":0,"parent":0,"menu_order":1,"comment_status":"closed","ping_status":"closed","template":"","meta":{"footnotes":""},"class_list":["post-12","page","type-page","status-publish","hentry"],"_links":{"self":[{"href":"https:\/\/westost.eu\/index.php?rest_route=\/wp\/v2\/pages\/12","targetHints":{"allow":["GET"]}}],"collection":[{"href":"https:\/\/westost.eu\/index.php?rest_route=\/wp\/v2\/pages"}],"about":[{"href":"https:\/\/westost.eu\/index.php?rest_route=\/wp\/v2\/types\/page"}],"author":[{"embeddable":true,"href":"https:\/\/westost.eu\/index.php?rest_route=\/wp\/v2\/users\/1"}],"replies":[{"embeddable":true,"href":"https:\/\/westost.eu\/index.php?rest_route=%2Fwp%2Fv2%2Fcomments&post=12"}],"version-history":[{"count":25,"href":"https:\/\/westost.eu\/index.php?rest_route=\/wp\/v2\/pages\/12\/revisions"}],"predecessor-version":[{"id":1030,"href":"https:\/\/westost.eu\/index.php?rest_route=\/wp\/v2\/pages\/12\/revisions\/1030"}],"wp:attachment":[{"href":"https:\/\/westost.eu\/index.php?rest_route=%2Fwp%2Fv2%2Fmedia&parent=12"}],"curies":[{"name":"wp","href":"https:\/\/api.w.org\/{rel}","templated":true}]}}