{"id":175,"date":"2017-04-30T20:15:58","date_gmt":"2017-04-30T20:15:58","guid":{"rendered":"http:\/\/westost.eu\/?page_id=175"},"modified":"2017-05-01T07:57:47","modified_gmt":"2017-05-01T07:57:47","slug":"%d0%ba%d0%bb%d0%b0%d1%83%d1%81-%d0%bf%d0%b5%d1%82%d0%b5%d1%80-%d0%bd%d0%b5%d0%b1%d0%b5%d0%bb%d1%8c","status":"publish","type":"page","link":"http:\/\/westost.eu\/?page_id=175","title":{"rendered":"\u041a\u043b\u0430\u0443\u0441 \u041f\u0435\u0442\u0435\u0440 \u041d\u0435\u0431\u0435\u043b\u044c"},"content":{"rendered":"<h2 class=\"gml-postheader\"><img decoding=\"async\" src=\"http:\/\/west-ost-institut.ru\/images\/stories\/Foto-Inhalt\/nebel_farbig_pressefoto-2.jpg\" border=\"0\" \/><\/h2>\n<div class=\"gml-postcontent\">\n<div class=\"gml-article\">\n<p>\u041a\u043b\u0430\u0443\u0441 \u041f\u0435\u0442\u0435\u0440 \u041d\u0435\u0431\u0435\u043b\u044c ist seit 2000 Professor und Leiter des internationalen Studienganges Medien- und Kulturmanagement an der Kulturakademie Lettlands in Riga. Vorher unterrichtete er unter anderem am Institut f\u00fcr Journalistik (UNI Hamburg) und an der Hochschule f\u00fcr Musik und Theater, Hamburg. Am National Business Institut, Moskau h\u00e4lt er seit 2002 Vorlesungen. Dort wurde ihm 2005 die Auszeichnung Professor h. c. verliehen.<\/p>\n<p>Klaus Peter Nebel ist gelernter Journalist und \u201estudierter Bibliothekar\u201c. Nach dem Studium arbeitete er zun\u00e4chst beim Handelsblatt und wechselte dann in\u00a0 das Arbeitsgebiet der Public Relations; zun\u00e4chst bei der co op Gruppe (Einzelhandel), sp\u00e4ter dann bei der Beiersdorf AG (Markenartikel).<\/p>\n<p>Seit \u00fcber 30 Jahren ist Prof. Nebel Unternehmenssprecher und Leiter der jeweiligen Kommunikationsbereiche: \u00a0Konzernsprecher und Leiter des Bereiches Presse &amp;\u00a0\u00a0 Public Relations der Beiersdorf AG, Hamburg\u00a0 (1983-2007), Leiter Unternehmenskommunikation Tchibo Holding AG, Hamburg -Beiersdorf AG,Tesa AG, Tchibo Gmbh (2007-2009). Unter Anderem hat Prof. Nebel auch als Vize-Pr\u00e4sident einer deutscher Hochschule gearbeitet.<\/p>\n<p>F\u00fcr seine Arbeit wurde Prof. Nebel mehrfach ausgezeichnet. In den letzten Jahren waren dies unter anderem: Bester Unternehmenssprecher in Deutschland jeweils in den\u00a0 Jahre 2004 und 2005. (Wahl erfolgte durch die Wirtshaftjournalisten, durchgef\u00fchrt vom Fachmagazin Wirtschaftsjournalist); 2004 Beste Finanzkommunikation ( Wahl durch Finanzjournalisten und Analysten, durchgef\u00fchrt vom Magazin Capital); 2006 Beste Wirtschaftskommunikation (Regionale Befragung \u2013 hier Hamburg\/Bremen \u2013 von Journalisten durch die Dr. D\u00f6blin Gesellschaft f\u00fcr Wirtschaftskommunikation).<\/p>\n<p>Prof. Nebel ist Autor und Herausgeber mehrerer B\u00fccher. Zuletzt\u00a0 brachte er 2006 als Herausgeber mit seinem Lettischen Kollegen Prof. Dr. Berzins das erste Fachbuch f\u00fcr Kulturmanagement in lettischer Sprache heraus, das den programmatischen Titel tr\u00e4gt: \u201eManagement von Menschen, Marken, Medien und Kultur\u201c. In seiner Eigenschaft als Autor ist er Vorsitzender der K\u00fcnstler und Literatenvereinigung \u201eDer Neue Klub\u201c, der erstmals 1909 in Berlin gegr\u00fcndet worden ist.<\/p>\n<\/div>\n<\/div>\n","protected":false},"excerpt":{"rendered":"<p>\u041a\u043b\u0430\u0443\u0441 \u041f\u0435\u0442\u0435\u0440 \u041d\u0435\u0431\u0435\u043b\u044c ist seit 2000 Professor und Leiter des internationalen Studienganges Medien- und Kulturmanagement an der Kulturakademie Lettlands in Riga. Vorher unterrichtete er unter anderem am Institut f\u00fcr Journalistik (UNI Hamburg) und an der Hochschule f\u00fcr Musik und Theater, Hamburg. Am National Business Institut, Moskau h\u00e4lt er seit 2002 Vorlesungen. Dort wurde ihm 2005 &hellip; <a href=\"http:\/\/westost.eu\/?page_id=175\" class=\"more-link\"><span class=\"screen-reader-text\">\u041a\u043b\u0430\u0443\u0441 \u041f\u0435\u0442\u0435\u0440 \u041d\u0435\u0431\u0435\u043b\u044c<\/span> weiterlesen<\/a><\/p>\n","protected":false},"author":1,"featured_media":0,"parent":166,"menu_order":0,"comment_status":"closed","ping_status":"closed","template":"","meta":{"footnotes":""},"class_list":["post-175","page","type-page","status-publish","hentry"],"_links":{"self":[{"href":"http:\/\/westost.eu\/index.php?rest_route=\/wp\/v2\/pages\/175","targetHints":{"allow":["GET"]}}],"collection":[{"href":"http:\/\/westost.eu\/index.php?rest_route=\/wp\/v2\/pages"}],"about":[{"href":"http:\/\/westost.eu\/index.php?rest_route=\/wp\/v2\/types\/page"}],"author":[{"embeddable":true,"href":"http:\/\/westost.eu\/index.php?rest_route=\/wp\/v2\/users\/1"}],"replies":[{"embeddable":true,"href":"http:\/\/westost.eu\/index.php?rest_route=%2Fwp%2Fv2%2Fcomments&post=175"}],"version-history":[{"count":1,"href":"http:\/\/westost.eu\/index.php?rest_route=\/wp\/v2\/pages\/175\/revisions"}],"predecessor-version":[{"id":176,"href":"http:\/\/westost.eu\/index.php?rest_route=\/wp\/v2\/pages\/175\/revisions\/176"}],"up":[{"embeddable":true,"href":"http:\/\/westost.eu\/index.php?rest_route=\/wp\/v2\/pages\/166"}],"wp:attachment":[{"href":"http:\/\/westost.eu\/index.php?rest_route=%2Fwp%2Fv2%2Fmedia&parent=175"}],"curies":[{"name":"wp","href":"https:\/\/api.w.org\/{rel}","templated":true}]}}