{"id":169,"date":"2017-04-30T20:11:55","date_gmt":"2017-04-30T20:11:55","guid":{"rendered":"http:\/\/westost.eu\/?page_id=169"},"modified":"2017-04-30T20:11:55","modified_gmt":"2017-04-30T20:11:55","slug":"alexander-krylov-biografische-angaben","status":"publish","type":"page","link":"http:\/\/westost.eu\/?page_id=169","title":{"rendered":"Alexander Krylov. Biografische Angaben"},"content":{"rendered":"<h2 class=\"gml-postheader\"><strong><img decoding=\"async\" title=\"Alexander Krylov\" src=\"http:\/\/west-ost-institut.ru\/images\/stories\/akrylov.jpg\" border=\"0\" \/><br \/>\n<\/strong><\/h2>\n<div class=\"gml-postcontent\">\n<div class=\"gml-article\">\n<p><strong>Prof. Dr. Alexander Krylov<\/strong> studierte Geschichte und Sozial-\u00d6konomische Wissenschaft,\u00a0 Psychologie und Philosophie. Anschlie\u00dfend promovierte er in Sozialphilosophie und Psychoanalyse (1999) und lehrte seit 2007 als Professor am National Institute of Business.<\/p>\n<p>Alexander Krylov arbeitete als Leiter eines sozialp\u00e4dagogischen Dienstes (1990-1993), sowie als Manager und Leiter des Ressorts \u00d6ffentlichkeitsarbeit bei der Stiftung &#8218;Kinder von Russland&#8216; in Moskau. Zudem\u00a0 war er von 1993 \u2013 1998 bei der Konzertfirma. &#8218;Uventa&#8216; in der Producer Crew und\u00a0 von 1998 \u2013 2000 als Prodekan der Fakult\u00e4t f\u00fcr Wirtschaft und Management des National Business Institute t\u00e4tig. 2001-2008 arbeitete er am\u00a0Institut f\u00fcr Weltwirtschaft und Internationales Management\u00a0der Universit\u00e4t Bremen. Seit 2008 bis 2016 leitete er das West-Ost-Institut Berlin (bis 20.03.2010 an der University of Management and Communication Potsdam (FH). Er ist Wissenschaftlicher Leiter des West-Ost-Instituts Berlin. Zugleich ist er 2. Vorsitzender und Mitglied des Vorstandes der Bremen School of Economics und ber\u00e4t deutsche und russische Unternehmen in Fragen des Managements und der interkulturellen Kommunikation.<\/p>\n<p>Seit 1994 besch\u00e4ftigte sich Krylov wissenschaftlich mit den anthropologischen Ansichten der Psychoanalyse. In der russischen psychoanalytischen Tradition, die noch von Oktoberrevolution 1917 entstanden war, wurde die Psychoanalyse von Anfang an bereits h\u00e4ufig philosophisch und sogar metaphysisch betrachtet.<\/p>\n<p>Seit 1997 interessiert sich Krylov immer mehr f\u00fcr die wissenschaftlichen Aspekte der Unternehmenskommunikation und geh\u00f6rt zu den Pionieren der \u00d6ffentlichkeitsarbeit in Russland. Seit 1998 unterrichtet er \u201eKommunikationsmanagement und Public Relation\u201c in verschiedenen russischen und deutschen Bildungsinstitutionen. Als erster russischsprachiger Wissenschaftler besch\u00e4ftigte er sich mit der Unternehmensidentit\u00e4t und ver\u00f6ffentlichte 2004 das erste russischsprachige Buch zu diesem Thema. Die Entwicklung der \u00d6ffentlichkeitsarbeit ist f\u00fcr Prof. Alexander Krylov untrennbar mit der Entwicklung von Demokratie und Pressefreiheit verbunden. Seine Forschung im Bereich der Unternehmenskommunikation ist stark mit der Psychologie der Kommunikation, sowie mit Moral und Ethik verbunden. Seit 2008 unterrichtet Krylov zus\u00e4tzlich den Kurs \u201ePsychoanalyse in Management, Marketing und Werbung\u201c, der sich kritisch mit dem Themenkomplex auseinandersetzt.<\/p>\n<p>Prof. Dr. Alexander Krylov ist Mitglied der Deutschen Public Relations Gesellschaft (seit 2001), der Russischen Journalisten Union (seit 1994), sowie des Deutsch-Russischen Forums und ist in anderen Vereinen ehrenamtlich aktiv. Prof. Dr. Alexander Krylov engagiert sich f\u00fcr die V\u00f6lkerfreundschaft und die wissenschaftliche Zusammenarbeit zwischen Deutschland, Russland und anderen osteurop\u00e4ischen L\u00e4ndern. Dazu h\u00e4lt er insbesondere Gastvortr\u00e4ge an mehreren osteurop\u00e4ischen Universit\u00e4ten (Moskau, Sankt Petersburg, Kiew, Minsk, Lugansk, Abakan, Belgorod, Woronesh, Jekaterinburg, Jakutsk u. a.).<\/p>\n<\/div>\n<\/div>\n","protected":false},"excerpt":{"rendered":"<p>Prof. Dr. Alexander Krylov studierte Geschichte und Sozial-\u00d6konomische Wissenschaft,\u00a0 Psychologie und Philosophie. Anschlie\u00dfend promovierte er in Sozialphilosophie und Psychoanalyse (1999) und lehrte seit 2007 als Professor am National Institute of Business. Alexander Krylov arbeitete als Leiter eines sozialp\u00e4dagogischen Dienstes (1990-1993), sowie als Manager und Leiter des Ressorts \u00d6ffentlichkeitsarbeit bei der Stiftung &#8218;Kinder von Russland&#8216; in &hellip; <a href=\"http:\/\/westost.eu\/?page_id=169\" class=\"more-link\"><span class=\"screen-reader-text\">Alexander Krylov. Biografische Angaben<\/span> weiterlesen<\/a><\/p>\n","protected":false},"author":1,"featured_media":0,"parent":166,"menu_order":0,"comment_status":"closed","ping_status":"closed","template":"","meta":{"footnotes":""},"class_list":["post-169","page","type-page","status-publish","hentry"],"_links":{"self":[{"href":"http:\/\/westost.eu\/index.php?rest_route=\/wp\/v2\/pages\/169","targetHints":{"allow":["GET"]}}],"collection":[{"href":"http:\/\/westost.eu\/index.php?rest_route=\/wp\/v2\/pages"}],"about":[{"href":"http:\/\/westost.eu\/index.php?rest_route=\/wp\/v2\/types\/page"}],"author":[{"embeddable":true,"href":"http:\/\/westost.eu\/index.php?rest_route=\/wp\/v2\/users\/1"}],"replies":[{"embeddable":true,"href":"http:\/\/westost.eu\/index.php?rest_route=%2Fwp%2Fv2%2Fcomments&post=169"}],"version-history":[{"count":1,"href":"http:\/\/westost.eu\/index.php?rest_route=\/wp\/v2\/pages\/169\/revisions"}],"predecessor-version":[{"id":170,"href":"http:\/\/westost.eu\/index.php?rest_route=\/wp\/v2\/pages\/169\/revisions\/170"}],"up":[{"embeddable":true,"href":"http:\/\/westost.eu\/index.php?rest_route=\/wp\/v2\/pages\/166"}],"wp:attachment":[{"href":"http:\/\/westost.eu\/index.php?rest_route=%2Fwp%2Fv2%2Fmedia&parent=169"}],"curies":[{"name":"wp","href":"https:\/\/api.w.org\/{rel}","templated":true}]}}