{"id":166,"date":"2017-04-30T20:06:48","date_gmt":"2017-04-30T20:06:48","guid":{"rendered":"http:\/\/westost.eu\/?page_id=166"},"modified":"2022-10-24T11:07:11","modified_gmt":"2022-10-24T11:07:11","slug":"institutsleitung-%d1%80%d1%83%d0%ba%d0%be%d0%b2%d0%be%d0%b4%d1%81%d1%82%d0%b2%d0%be","status":"publish","type":"page","link":"http:\/\/westost.eu\/?page_id=166","title":{"rendered":"Institutsleitung \/ \u0420\u0443\u043a\u043e\u0432\u043e\u0434\u0441\u0442\u0432\u043e"},"content":{"rendered":"<h3><span style=\"color: #808080;\"><strong>PR\u00c4SIDIUM<\/strong><\/span><\/h3>\n<p>Die strategische Orientierung des West-Ost-Instituts wird durch das Pr\u00e4sidium verwirklicht. Das Pr\u00e4sidium bestimmt die mittel-\u00a0 und langfristige Entwicklung des Instituts, macht Vorschl\u00e4ge und unterst\u00fctzt die T\u00e4tigkeit des Institutes in allen Belangen.<\/p>\n<p>Eine wichtige Funktion des Pr\u00e4sidiums ist die Vertretung der Interessen des Institutes in den internationalen Organisationen, in der Wirtschaft, gegen\u00fcber \u00f6ffentlichen Einrichtungen und in der Politik.<\/p>\n<p>Der Pr\u00e4sidium des West-Ost-Institutes besteht aus Personen, die internationale, gesellschaftliche und wissenschaftliche\u00a0 Reputation sowie moralische und\u00a0 berufliche Kompetenz haben und anerkannte Experten in Fragen der internationalen Beziehungen, Wissenschaft und Bildung, Unternehmenskommunikation, Kultur bzw. Medien sind. Die Arbeit im Pr\u00e4sidium\u00a0ist ehrenamtlich.<\/p>\n<p>Die Prinzipien des Kuratoriums sind Gleichberechtigung,\u00a0 Eigeninitiative und Selbstverwaltung.<\/p>\n<p style=\"text-align: center;\"><strong><br \/>\n<img loading=\"lazy\" decoding=\"async\" class=\"wp-image-194 size-thumbnail aligncenter\" src=\"http:\/\/westost.eu\/wp-content\/uploads\/2017\/04\/tobias_schauf_passfoto3-150x150.jpg\" alt=\"\" width=\"150\" height=\"150\" \/>Direktor des West-Ost-Instituts<\/strong><br \/>\nDipl.-Volkswirt Tobias Schauf<\/p>\n<p style=\"text-align: center;\"><strong><img loading=\"lazy\" decoding=\"async\" class=\"wp-image-183 size-thumbnail aligncenter\" src=\"http:\/\/westost.eu\/wp-content\/uploads\/2017\/04\/akrylov-1-150x150.jpg\" alt=\"\" width=\"150\" height=\"150\" \/>Wissenschaftlicher Leiter\u00a0des West-Ost-Instituts<\/strong><br \/>\nProf. Dr. Alexander Krylov (<a href=\"http:\/\/westost.eu\/?page_id=169\">zur Person<\/a>)<\/p>\n<p style=\"text-align: center;\"><strong>PR\u00c4SIDIUM<\/strong><\/p>\n<p style=\"text-align: center;\"><img loading=\"lazy\" decoding=\"async\" class=\"wp-image-179 size-thumbnail aligncenter\" src=\"http:\/\/westost.eu\/wp-content\/uploads\/2017\/04\/nebel_farbig_pressefoto-2-2-150x150.jpg\" alt=\"\" width=\"150\" height=\"150\" \/>Prof. Klaus Peter Nebel \u2013 Vorsitzender des Pr\u00e4sidiums (<a href=\"http:\/\/westost.eu\/?page_id=173\">zur Person<\/a>)<\/p>\n<p style=\"text-align: center;\"><strong>Folgende Pers\u00f6nlichkeiten haben als Mitglieder des Pr\u00e4sidiums die Etablierung des West-Ost-Instituts begleitet:<\/strong><\/p>\n<p style=\"text-align: center;\"><img loading=\"lazy\" decoding=\"async\" class=\"wp-image-181 size-thumbnail aligncenter\" src=\"http:\/\/westost.eu\/wp-content\/uploads\/2017\/04\/bissinger-1-150x150.jpg\" alt=\"\" width=\"150\" height=\"150\" srcset=\"http:\/\/westost.eu\/wp-content\/uploads\/2017\/04\/bissinger-1-150x150.jpg 150w, http:\/\/westost.eu\/wp-content\/uploads\/2017\/04\/bissinger-1.jpg 183w\" sizes=\"auto, (max-width: 150px) 100vw, 150px\" \/>Manfred Bissinger \u2013 Deutscher Publizist, Gesch\u00e4ftsf\u00fchrer Hofmann &amp; Campe, Hamburg<\/p>\n<p style=\"text-align: center;\"><img loading=\"lazy\" decoding=\"async\" class=\"wp-image-178 size-thumbnail aligncenter\" src=\"http:\/\/westost.eu\/wp-content\/uploads\/2017\/04\/gromyko-1-150x150.jpg\" alt=\"\" width=\"150\" height=\"150\" \/>Prof. Dr. Alexey Gromyko \u2013 Stv. Direktor des Europainstituts der Russischen Akademie der Wissenschaften, Moskau<\/p>\n<p style=\"text-align: center;\"><img loading=\"lazy\" decoding=\"async\" class=\"wp-image-182 size-thumbnail aligncenter\" src=\"http:\/\/westost.eu\/wp-content\/uploads\/2017\/04\/poellath-1-130x150.jpg\" alt=\"\" width=\"130\" height=\"150\" \/>Prof. Dr. Reinhard P\u00f6llath \u2013 Partner P+P, Vorsitzender bzw. Mitglied des Aufsichtsrats in mehreren dt. und internationalen Unternehmen, M\u00fcnchen<\/p>\n<hr \/>\n<h3><span style=\"color: #808080;\"><strong>\u041f\u043e\u043f\u0435\u0447\u0438\u0442\u0435\u043b\u044c\u0441\u043a\u0438\u0439 \u0441\u043e\u0432\u0435\u0442<\/strong><\/span><\/h3>\n<p>\u0421\u0442\u0440\u0430\u0442\u0435\u0433\u0438\u0447\u0435\u0441\u043a\u043e\u0435 \u0440\u0443\u043a\u043e\u0432\u043e\u0434\u0441\u0442\u0432\u043e \u0438\u043d\u0441\u0442\u0438\u0442\u0443\u0442\u043e\u043c \u043e\u0441\u0443\u0449\u0435\u0441\u0442\u0432\u043b\u044f\u0435\u0442 \u041f\u043e\u043f\u0435\u0447\u0438\u0442\u0435\u043b\u044c\u0441\u043a\u0438\u0439 \u0421\u043e\u0432\u0435\u0442. \u041f\u043e\u043f\u0435\u0447\u0438\u0442\u0435\u043b\u044c\u0441\u043a\u0438\u0439 \u0421\u043e\u0432\u0435\u0442 \u043f\u0440\u0438\u043d\u0438\u043c\u0430\u0435\u0442 \u0438 \u043f\u0440\u0435\u0434\u043b\u0430\u0433\u0430\u0435\u0442 \u0432\u0430\u0440\u0438\u0430\u043d\u0442\u044b \u0441\u0442\u0440\u0430\u0442\u0435\u0433\u0438\u0447\u0435\u0441\u043a\u043e\u0433\u043e \u0438 \u0442\u0430\u043a\u0442\u0438\u0447\u0435\u0441\u043a\u043e\u0433\u043e \u0440\u0430\u0437\u0432\u0438\u0442\u0438\u044f \u0438\u043d\u0441\u0442\u0438\u0442\u0443\u0442\u0430, \u0432\u043d\u043e\u0441\u0438\u0442 \u043f\u0440\u0435\u0434\u043b\u043e\u0436\u0435\u043d\u0438\u044f \u0438 \u043e\u043a\u0430\u0437\u044b\u0432\u0430\u0435\u0442 \u0432\u0441\u0435\u0441\u0442\u043e\u0440\u043e\u043d\u043d\u044e\u044e \u043f\u043e\u0434\u0434\u0435\u0440\u0436\u043a\u0443 \u0432 \u043e\u0441\u0443\u0449\u0435\u0441\u0442\u0432\u043b\u0435\u043d\u0438\u0438 \u0432\u0441\u0435\u0445 \u043d\u0430\u043f\u0440\u0430\u0432\u043b\u0435\u043d\u0438\u0439 \u0434\u0435\u044f\u0442\u0435\u043b\u044c\u043d\u043e\u0441\u0442\u0438 \u0438\u043d\u0441\u0442\u0438\u0442\u0443\u0442\u0430.<\/p>\n<p>\u0412\u0430\u0436\u043d\u043e\u0439 \u0444\u0443\u043d\u043a\u0446\u0438\u0435\u0439 \u041f\u043e\u043f\u0435\u0447\u0438\u0442\u0435\u043b\u044c\u0441\u043a\u043e\u0433\u043e \u0421\u043e\u0432\u0435\u0442\u0430 \u0411\u0435\u0440\u043b\u0438\u043d\u0441\u043a\u043e\u0433\u043e \u0412\u0435\u0441\u0442-\u041e\u0441\u0442 \u0438\u043d\u0441\u0442\u0438\u0442\u0443\u0442\u0430 \u044f\u0432\u043b\u044f\u0435\u0442\u0441\u044f \u043f\u0440\u0435\u0434\u0441\u0442\u0430\u0432\u0438\u0442\u0435\u043b\u044c\u0441\u0442\u0432\u043e \u0438\u043d\u0442\u0435\u00ad\u0440\u0435\u0441\u043e\u0432 \u0438\u043d\u0441\u0442\u0438\u0442\u0443\u0442\u0430 \u0432 \u043e\u0440\u0433\u0430\u043d\u0430\u0445 \u0433\u043e\u0441\u0443\u0434\u0430\u0440\u0441\u0442\u0432\u0435\u043d\u043d\u043e\u0439 \u0432\u043b\u0430\u0441\u0442\u0438 \u0438 \u0443\u043f\u0440\u0430\u0432\u043b\u0435\u043d\u0438\u044f, \u0432 \u0431\u0438\u0437\u043d\u0435\u0441\u0435, \u043e\u0431\u0449\u0435\u0441\u0442\u0432\u0435\u043d\u043d\u044b\u0445 \u0443\u0447\u0440\u0435\u0436\u0434\u0435\u043d\u0438\u044f\u0445 \u0438 \u043c\u0435\u0436\u0434\u0443\u043d\u0430\u0440\u043e\u0434\u043d\u044b\u0445 \u043e\u0440\u0433\u0430\u043d\u0438\u0437\u0430\u0446\u0438\u044f\u0445.<\/p>\n<p>\u0412 \u0441\u043e\u0441\u0442\u0430\u0432 \u041f\u043e\u043f\u0435\u0447\u0438\u0442\u0435\u043b\u044c\u0441\u043a\u043e\u0433\u043e \u0421\u043e\u0432\u0435\u0442\u0430 \u0432\u0445\u043e\u0434\u044f\u0442 \u043b\u0438\u0446\u0430, \u043f\u043e\u043b\u0443\u0447\u0438\u0432\u0448\u0438\u0435 \u043c\u0435\u0436\u0434\u0443\u043d\u0430\u0440\u043e\u0434\u043d\u043e\u0435 \u043e\u0431\u0449\u0435\u0441\u0442\u0432\u0435\u043d\u043d\u043e\u0435 \u0438 \u043d\u0430\u0443\u0447\u043d\u043e\u0435 \u043f\u0440\u0438\u0437\u043d\u0430\u043d\u0438\u0435, \u0438\u043c\u0435\u044e\u0449\u0438\u0435 \u0432\u044b\u0441\u043e\u043a\u0438\u0439 \u043c\u043e\u0440\u0430\u043b\u044c\u043d\u044b\u0439 \u0438 \u043f\u0440\u043e\u0444\u0435\u0441\u0441\u0438\u00ad\u043e\u043d\u0430\u043b\u044c\u043d\u044b\u0439 \u0430\u0432\u0442\u043e\u0440\u0438\u0442\u0435\u0442, \u044f\u0432\u043b\u044f\u044e\u0449\u0438\u0435\u0441\u044f \u043f\u0440\u0438\u0437\u043d\u0430\u043d\u043d\u044b\u043c\u0438 \u0441\u043f\u0435\u0446\u0438\u0430\u043b\u0438\u0441\u0442\u0430\u043c\u0438 \u0432 \u0432\u043e\u043f\u0440\u043e\u0441\u0430\u0445 \u043c\u0435\u0436\u0434\u0443\u043d\u0430\u0440\u043e\u0434\u043d\u044b\u0445 \u043e\u0442\u043d\u043e\u0448\u0435\u043d\u0438\u0439, \u043d\u0430\u0443\u043a\u0438 \u0438 \u043e\u0431\u0440\u0430\u0437\u043e\u0432\u0430\u043d\u0438\u044f, \u043a\u043e\u0440\u043f\u043e\u0440\u0430\u0442\u0438\u0432\u043d\u044b\u0445 \u043a\u043e\u043c\u043c\u0443\u043d\u0438\u043a\u0430\u0446\u0438\u0439, \u043a\u0443\u043b\u044c\u0442\u0443\u0440\u044b \u0438 \u0421\u041c\u0418. \u0427\u043b\u0435\u043d\u0430\u043c\u0438 \u041f\u043e\u043f\u0435\u0447\u0438\u0442\u0435\u043b\u044c\u0441\u043a\u043e\u0433\u043e \u0441\u043e\u0432\u0435\u0442\u0430 \u043c\u043e\u0433\u0443\u0442 \u0431\u044b\u0442\u044c \u043a\u0430\u043a \u0444\u0438\u0437\u0438\u0447\u0435\u0441\u043a\u0438\u0435, \u0442\u0430\u043a \u0438 \u044e\u0440\u0438\u0434\u0438\u0447\u0435\u0441\u043a\u0438\u0435 \u043b\u0438\u0446\u0430. \u0420\u0430\u0431\u043e\u0442\u0430 \u0432 \u041f\u043e\u043f\u0435\u0447\u0438\u0442\u0435\u043b\u044c\u0441\u043a\u043e\u043c \u0421\u043e\u0432\u0435\u0442\u0435 \u043e\u0441\u0443\u0449\u0435\u0441\u0442\u0432\u043b\u044f\u0435\u0442\u0441\u044f \u043d\u0430 \u0431\u0435\u0437\u0432\u043e\u0437\u043c\u0435\u0437\u0434\u043d\u043e\u0439 \u043e\u0441\u043d\u043e\u0432\u0435.<\/p>\n<p>\u041f\u043e\u043f\u0435\u0447\u0438\u0442\u0435\u043b\u044c\u0441\u043a\u0438\u0439 \u0441\u043e\u0432\u0435\u0442 \u0434\u0435\u0439\u0441\u0442\u0432\u0443\u0435\u0442 \u043d\u0430 \u043e\u0441\u043d\u043e\u0432\u0435 \u0434\u043e\u0431\u0440\u043e\u00ad\u0432\u043e\u043b\u044c\u043d\u043e\u0441\u0442\u0438 \u0438 \u0440\u0430\u0432\u043d\u043e\u043f\u0440\u0430\u0432\u0438\u044f \u0435\u0433\u043e \u0447\u043b\u0435\u043d\u043e\u0432, \u0441\u0430\u043c\u043e\u0443\u043f\u0440\u0430\u0432\u043b\u0435\u043d\u0438\u044f \u0438 \u0433\u043b\u0430\u0441\u043d\u043e\u0441\u0442\u0438, \u0440\u0443\u043a\u043e\u0432\u043e\u0434\u0441\u0442\u0432\u0443\u044f\u0441\u044c \u043c\u0435\u0436\u0434\u0443\u043d\u0430\u0440\u043e\u0434\u043d\u044b\u043c\u0438 \u0438 \u043b\u043e\u043a\u0430\u043b\u044c\u00ad\u043d\u044b\u043c\u0438 \u043f\u0440\u0430\u0432\u043e\u0432\u044b\u043c\u0438 \u043d\u043e\u0440\u043c\u0430\u043c\u0438.<\/p>\n<p style=\"text-align: center;\"><strong><img loading=\"lazy\" decoding=\"async\" class=\"wp-image-194 size-thumbnail aligncenter\" src=\"http:\/\/westost.eu\/wp-content\/uploads\/2017\/04\/tobias_schauf_passfoto3-150x150.jpg\" alt=\"\" width=\"150\" height=\"150\" \/>\u0414\u0438\u0440\u0435\u043a\u0442\u043e\u0440 \u0411\u0435\u0440\u043b\u0438\u043d\u0441\u043a\u043e\u0433\u043e \u0412\u0435\u0441\u0442-\u041e\u0441\u0442 \u0438\u043d\u0441\u0442\u0438\u0442\u0443\u0442\u0430<br \/>\n<\/strong>\u0422\u043e\u0431\u0438\u0430\u0441 \u0428\u0430\u0443\u0444<\/p>\n<p style=\"text-align: center;\"><strong><img loading=\"lazy\" decoding=\"async\" class=\"wp-image-183 size-thumbnail aligncenter\" src=\"http:\/\/westost.eu\/wp-content\/uploads\/2017\/04\/akrylov-1-150x150.jpg\" alt=\"\" width=\"150\" height=\"150\" \/>\u043d\u0430\u0443\u0447\u043d\u044b\u0439 \u0440\u0443\u043a\u043e\u0432\u043e\u0434\u0438\u0442\u0435\u043b\u044c<br \/>\n<\/strong>\u041a\u0440\u044b\u043b\u043e\u0432 \u0410\u043b\u0435\u043a\u0441\u0430\u043d\u0434\u0440 \u041d\u0438\u043a\u043e\u043b\u0430\u0435\u0432\u0438\u0447, \u0434\u043e\u043a\u0442\u043e\u0440 \u0444\u0438\u043b\u043e\u0441\u043e\u0444\u0438\u0438, \u043f\u0440\u043e\u0444\u0435\u0441\u0441\u043e\u0440 (<a href=\"http:\/\/westost.eu\/?page_id=171\">\u0431\u0438\u043e\u0433\u0440\u0430\u0444\u0438\u044f<\/a>)<\/p>\n<p style=\"text-align: center;\">\n<p style=\"text-align: center;\"><strong>\u041f\u043e\u043f\u0435\u0447\u0438\u0442\u0435\u043b\u044c\u0441\u043a\u0438\u0439 \u0441\u043e\u0432\u0435\u0442<br \/>\n<\/strong><br \/>\n<img loading=\"lazy\" decoding=\"async\" class=\"wp-image-179 size-thumbnail aligncenter\" src=\"http:\/\/westost.eu\/wp-content\/uploads\/2017\/04\/nebel_farbig_pressefoto-2-2-150x150.jpg\" alt=\"\" width=\"150\" height=\"150\" \/>\u041d\u0435\u0431\u0435\u043b\u044c \u041a\u043b\u0430\u0443\u0441-\u041f\u0435\u0442\u0435\u0440, \u043f\u0440\u043e\u0444\u0435\u0441\u0441\u043e\u0440 (\u041f\u0440\u0435\u0434\u0441\u0435\u0434\u0430\u0442\u0435\u043b\u044c) (<a href=\"http:\/\/westost.eu\/?page_id=175\">\u0431\u0438\u043e\u0433\u0440\u0430\u0444\u0438\u044f<\/a>)<\/p>\n<p style=\"text-align: center;\"><strong>\u041f\u0435\u0440\u0435\u0447\u0438\u0441\u043b\u0435\u043d\u043d\u044b\u0435 \u0447\u043b\u0435\u043d\u044b \u043f\u0440\u0435\u0437\u0438\u0434\u0438\u0443\u043c\u0430 \u0441\u043e\u043f\u0440\u043e\u0432\u043e\u0436\u0434\u0430\u043b\u0438 \u0441\u043e\u0437\u0434\u0430\u043d\u0438\u0435 \u0417\u0430\u043f\u0430\u0434\u043d\u043e-\u0412\u043e\u0441\u0442\u043e\u0447\u043d\u043e\u0433\u043e \u0438\u043d\u0441\u0442\u0438\u0442\u0443\u0442\u0430:<\/strong><\/p>\n<p style=\"text-align: center;\"><img loading=\"lazy\" decoding=\"async\" class=\"wp-image-178 size-thumbnail aligncenter\" src=\"http:\/\/westost.eu\/wp-content\/uploads\/2017\/04\/gromyko-1-150x150.jpg\" alt=\"\" width=\"150\" height=\"150\" \/>\u0413\u0440\u043e\u043c\u044b\u043a\u043e \u0410\u043b\u0435\u043a\u0441\u0435\u0439 \u0410\u043d\u0430\u0442\u043e\u043b\u044c\u0435\u0432\u0438\u0447<\/p>\n<p style=\"text-align: center;\"><img loading=\"lazy\" decoding=\"async\" class=\"wp-image-181 size-thumbnail aligncenter\" src=\"http:\/\/westost.eu\/wp-content\/uploads\/2017\/04\/bissinger-1-150x150.jpg\" alt=\"\" width=\"150\" height=\"150\" srcset=\"http:\/\/westost.eu\/wp-content\/uploads\/2017\/04\/bissinger-1-150x150.jpg 150w, http:\/\/westost.eu\/wp-content\/uploads\/2017\/04\/bissinger-1.jpg 183w\" sizes=\"auto, (max-width: 150px) 100vw, 150px\" \/>\u041c\u0430\u043d\u0444\u0440\u0435\u0434 \u0411\u0438\u0441\u0441\u0438\u043d\u0433\u0435\u0440<\/p>\n<p style=\"text-align: center;\"><img loading=\"lazy\" decoding=\"async\" class=\"wp-image-182 size-thumbnail aligncenter\" src=\"http:\/\/westost.eu\/wp-content\/uploads\/2017\/04\/poellath-1-130x150.jpg\" alt=\"\" width=\"130\" height=\"150\" \/>\u0420\u0430\u0439\u043d\u0445\u0430\u0440\u0434 \u041f\u0451\u043b\u0430\u0442<\/p>\n","protected":false},"excerpt":{"rendered":"<p>PR\u00c4SIDIUM Die strategische Orientierung des West-Ost-Instituts wird durch das Pr\u00e4sidium verwirklicht. Das Pr\u00e4sidium bestimmt die mittel-\u00a0 und langfristige Entwicklung des Instituts, macht Vorschl\u00e4ge und unterst\u00fctzt die T\u00e4tigkeit des Institutes in allen Belangen. Eine wichtige Funktion des Pr\u00e4sidiums ist die Vertretung der Interessen des Institutes in den internationalen Organisationen, in der Wirtschaft, gegen\u00fcber \u00f6ffentlichen Einrichtungen und &hellip; <a href=\"http:\/\/westost.eu\/?page_id=166\" class=\"more-link\"><span class=\"screen-reader-text\">Institutsleitung \/ \u0420\u0443\u043a\u043e\u0432\u043e\u0434\u0441\u0442\u0432\u043e<\/span> weiterlesen<\/a><\/p>\n","protected":false},"author":1,"featured_media":0,"parent":0,"menu_order":0,"comment_status":"closed","ping_status":"closed","template":"","meta":{"footnotes":""},"class_list":["post-166","page","type-page","status-publish","hentry"],"_links":{"self":[{"href":"http:\/\/westost.eu\/index.php?rest_route=\/wp\/v2\/pages\/166","targetHints":{"allow":["GET"]}}],"collection":[{"href":"http:\/\/westost.eu\/index.php?rest_route=\/wp\/v2\/pages"}],"about":[{"href":"http:\/\/westost.eu\/index.php?rest_route=\/wp\/v2\/types\/page"}],"author":[{"embeddable":true,"href":"http:\/\/westost.eu\/index.php?rest_route=\/wp\/v2\/users\/1"}],"replies":[{"embeddable":true,"href":"http:\/\/westost.eu\/index.php?rest_route=%2Fwp%2Fv2%2Fcomments&post=166"}],"version-history":[{"count":25,"href":"http:\/\/westost.eu\/index.php?rest_route=\/wp\/v2\/pages\/166\/revisions"}],"predecessor-version":[{"id":814,"href":"http:\/\/westost.eu\/index.php?rest_route=\/wp\/v2\/pages\/166\/revisions\/814"}],"wp:attachment":[{"href":"http:\/\/westost.eu\/index.php?rest_route=%2Fwp%2Fv2%2Fmedia&parent=166"}],"curies":[{"name":"wp","href":"https:\/\/api.w.org\/{rel}","templated":true}]}}