{"id":155,"date":"2017-04-29T19:29:10","date_gmt":"2017-04-29T19:29:10","guid":{"rendered":"http:\/\/westost.eu\/?page_id=155"},"modified":"2017-04-30T19:37:38","modified_gmt":"2017-04-30T19:37:38","slug":"beratung-%d0%ba%d0%be%d0%bd%d1%81%d0%b0%d0%bb%d1%82%d0%b8%d0%bd%d0%b3","status":"publish","type":"page","link":"http:\/\/westost.eu\/?page_id=155","title":{"rendered":"Beratung \/ \u041a\u043e\u043d\u0441\u0430\u043b\u0442\u0438\u043d\u0433"},"content":{"rendered":"<p>Das West-Ost-Institut ist Ansprechpartner f\u00fcr deutsche und osteurop\u00e4ische Unternehmen in Fragen des Managements, der Kommunikation, des Branding und der Unternehmensreputation. Das Institut \u00fcbernimmt Auftr\u00e4ge f\u00fcr das Consulting, die Imageanalyse,\u00a0 die interkulturelle Begleitung osteurop\u00e4ischer Unternehmen in Deutschland und deutscher Unternehmen in Osteuropa, insbesondere in Russland, und f\u00fchrt diese Auftr\u00e4ge in der Kooperation mit Partnerhochschulen aus.<\/p>\n<p>Das Institut ist eine bedeutende Adresse f\u00fcr die Markt- und Kontaktvermittlung zwischen deutschen und russischen Politikern sowie Unternehmen. Daf\u00fcr werden verschiedene Foren, Treffen und Workshops organisiert. Das Institut bietet den Unternehmen eine entsprechende Beratung und Begleitung auf dem osteurop\u00e4ischen bzw. deutschen Markt an.<\/p>\n<hr \/>\n<p>\u041a\u043e\u043d\u0441\u0430\u043b\u0442\u0438\u043d\u0433\u043e\u0432\u0430\u044f \u0434\u0435\u044f\u0442\u0435\u043b\u044c\u043d\u043e\u0441\u0442\u044c \u0411\u0435\u0440\u043b\u0438\u043d\u0441\u043a\u043e\u0433\u043e \u0412\u0435\u0441\u0442-\u041e\u0441\u0442 \u0438\u043d\u0441\u0442\u0438\u0442\u0443\u0442\u0430 \u043d\u0430\u043f\u0440\u0430\u0432\u043b\u0435\u043d\u0430 \u043d\u0430 \u043d\u0430\u0443\u0447\u043d\u043e-\u0442\u0435\u043e\u0440\u0435\u0442\u0438\u0447\u0435\u0441\u043a\u0443\u044e \u0438 \u043f\u0440\u0430\u043a\u0442\u0438\u0447\u0435\u0441\u043a\u0443\u044e \u043f\u043e\u0434\u0434\u0435\u0440\u0436\u043a\u0443 \u0431\u0438\u0437\u043d\u0435\u0441-\u043f\u0440\u043e\u0446\u0435\u0441\u0441\u043e\u0432, \u0443\u043f\u0440\u0430\u0432\u043b\u0435\u043d\u0447\u0435\u0441\u043a\u043e\u0439 \u0434\u0435\u044f\u0442\u0435\u043b\u044c\u043d\u043e\u0441\u0442\u0438, \u043c\u0430\u0440\u043a\u0435\u0442\u0438\u043d\u0433\u0430 \u0438 \u0441\u0432\u044f\u0437\u0435\u0439 \u0441 \u043e\u0431\u0449\u0435\u0441\u0442\u0432\u0435\u043d\u043d\u043e\u0441\u0442\u044c\u044e \u043a\u0430\u043a \u043f\u0440\u0435\u0434\u043f\u0440\u0438\u044f\u0442\u0438\u0439 \u0440\u0430\u0437\u043b\u0438\u0447\u043d\u043e\u0439 \u0444\u043e\u0440\u043c \u0441\u043e\u0431\u0441\u0442\u0432\u0435\u043d\u043d\u043e\u0441\u0442\u0438, \u0442\u0430\u043a \u0438 \u0440\u0430\u0437\u043b\u0438\u0447\u043d\u043e\u0433\u043e \u0432\u0438\u0434\u0430 \u043e\u0440\u0433\u0430\u043d\u0438\u0437\u0430\u0446\u0438\u0439, \u0432\u043a\u043b\u044e\u0447\u0430\u044f \u043e\u0431\u0449\u0435\u0441\u0442\u0432\u0435\u043d\u043d\u044b\u0435 \u043e\u0431\u044a\u0435\u0434\u0438\u043d\u0435\u043d\u0438\u044f \u0438 \u0433\u043e\u0441\u0443\u0434\u0430\u0440\u0441\u0442\u0432\u0435\u043d\u043d\u044b\u0435 \u0441\u0442\u0440\u0443\u043a\u0442\u0443\u0440\u044b.<\/p>\n<p>\u041f\u0440\u043e\u0444\u0438\u043b\u044c \u043a\u043e\u043d\u0441\u0430\u043b\u0442\u0438\u043d\u0433\u0430 \u043e\u043f\u0440\u0435\u0434\u0435\u043b\u0435\u043d \u0441\u043f\u0435\u0446\u0438\u0444\u0438\u043a\u043e\u0439 \u0434\u0435\u044f\u0442\u0435\u043b\u044c\u043d\u043e\u0441\u0442\u0438 \u0411\u0435\u0440\u043b\u0438\u043d\u0441\u043a\u043e\u0433\u043e \u0412\u0435\u0441\u0442-\u041e\u0441\u0442 \u0438\u043d\u0441\u0442\u0438\u0442\u0443\u0442\u0430. \u0412 \u0442\u043e\u043c \u0447\u0438\u0441\u043b\u0435 \u044d\u0442\u043e: \u0432\u043e\u043f\u0440\u043e\u0441\u044b \u043c\u0435\u043d\u0435\u0434\u0436\u043c\u0435\u043d\u0442\u0430, \u043c\u0435\u0436\u0434\u0443\u043d\u0430\u0440\u043e\u0434\u043d\u043e\u0433\u043e \u043c\u0435\u043d\u0435\u0434\u0436\u043c\u0435\u043d\u0442\u0430, \u0440\u0435\u0448\u0435\u043d\u0438\u044f \u0440\u0435\u043f\u0443\u0442\u0430\u0446\u0438\u043e\u043d\u043d\u044b\u0445 \u0438 \u0438\u043c\u0438\u0434\u0436\u0435\u0432\u044b\u0445 \u043f\u0440\u043e\u0431\u043b\u0435\u043c, \u043e\u0441\u0443\u0449\u0435\u0441\u0442\u0432\u043b\u0435\u043d\u0438\u044f \u044d\u043a\u043e\u043d\u043e\u043c\u0438\u0447\u0435\u0441\u043a\u043e\u0439 \u0434\u0435\u044f\u0442\u0435\u043b\u044c\u043d\u043e\u0441\u0442\u0438 \u0432 \u0441\u0442\u0440\u0430\u043d\u0430\u0445 \u0417\u0430\u043f\u0430\u0434\u043d\u043e\u0439 \u0438 \u0412\u043e\u0441\u0442\u043e\u0447\u043d\u043e\u0439 \u0415\u0432\u0440\u043e\u043f\u044b, \u0443\u0447\u0435\u0442 \u0438\u043d\u0442\u0435\u0440\u043a\u0443\u043b\u044c\u0442\u0443\u0440\u043d\u044b\u0445 \u0438 \u043a\u0440\u043e\u0441\u0441-\u043a\u0443\u043b\u044c\u0442\u0443\u0440\u043d\u044b\u0445 \u0430\u0441\u043f\u0435\u043a\u0442\u043e\u0432 \u0432 \u0438\u043d\u0442\u0435\u0440\u043d\u0430\u0446\u0438\u043e\u043d\u0430\u043b\u0438\u0437\u0430\u0446\u0438\u0438 \u0431\u0438\u0437\u043d\u0435\u0441\u0430 \u0438 \u0432\u044b\u0432\u0435\u0434\u0435\u043d\u0438\u044f \u043a\u043e\u043c\u043f\u0430\u043d\u0438\u0438 \u0434\u043b\u044f \u0440\u0430\u0431\u043e\u0442\u044b \u0432 \u0443\u0441\u043b\u043e\u0432\u0438\u044f\u0445 \u0433\u043b\u043e\u0431\u0430\u043b\u044c\u043d\u043e\u0433\u043e \u0440\u044b\u043d\u043a\u0430.<\/p>\n<p>\u0421\u0442\u0440\u0430\u0442\u0435\u0433\u0438\u0447\u0435\u0441\u043a\u0438 \u043a\u043e\u043d\u0441\u0430\u043b\u0442\u0438\u043d\u0433\u043e\u0432\u0430\u044f \u043f\u043e\u0434\u0434\u0435\u0440\u0436\u043a\u0430 \u043d\u0430\u043f\u0440\u0430\u0432\u043b\u0435\u043d\u0430 \u043d\u0430 \u043e\u0431\u0435\u0441\u043f\u0435\u0447\u0435\u043d\u0438\u0435 \u0434\u043e\u043b\u0433\u043e\u0432\u0440\u0435\u043c\u0435\u043d\u043d\u043e\u0439 \u0443\u0441\u0442\u043e\u0439\u0447\u0438\u0432\u043e\u0441\u0442\u0438 \u0431\u0438\u0437\u043d\u0435\u0441\u0430, \u0441\u043e\u0437\u0434\u0430\u043d\u0438\u0435 \u0434\u043e\u043f\u043e\u043b\u043d\u0438\u0442\u0435\u043b\u044c\u043d\u043e\u0439 \u0446\u0435\u043d\u043d\u043e\u0441\u0442\u0438 \u043f\u0440\u0435\u0434\u043f\u0440\u0438\u044f\u0442\u0438\u044f \u0434\u043b\u044f \u043a\u043b\u0438\u0435\u043d\u0442\u043e\u0432, \u00a0\u0441\u043e\u0442\u0440\u0443\u0434\u043d\u0438\u043a\u043e\u0432, \u0430\u043a\u0446\u0438\u043e\u043d\u0435\u0440\u043e\u0432 \u0438 \u043c\u0435\u043d\u0435\u0434\u0436\u043c\u0435\u043d\u0442\u0430. \u041a \u0447\u0438\u0441\u043b\u0443 \u043a\u043e\u043d\u0441\u0430\u043b\u0442\u0438\u043d\u0433\u043e\u0432\u044b\u0445 \u0443\u0441\u043b\u0443\u0433 \u0411\u0435\u0440\u043b\u0438\u043d\u0441\u043a\u043e\u0433\u043e \u0412\u0435\u0441\u0442-\u041e\u0441\u0442 \u0438\u043d\u0441\u0442\u0438\u0442\u0443\u0442\u0430 \u043e\u0442\u043d\u043e\u0441\u0438\u0442\u0441\u044f \u043f\u0440\u043e\u0432\u0435\u0434\u0435\u043d\u0438\u0435 \u0438\u0441\u0441\u043b\u0435\u0434\u043e\u0432\u0430\u043d\u0438\u044f \u0440\u044b\u043d\u043a\u0430, \u0432\u044b\u0440\u0430\u0431\u043e\u0442\u043a\u0430 \u0441\u0442\u0440\u0430\u0442\u0435\u0433\u0438\u0439 \u0438\u043d\u0442\u0435\u0440\u043d\u0430\u0446\u0438\u043e\u043d\u0430\u043b\u0438\u0437\u0430\u0446\u0438\u0438, \u043e\u0431\u0443\u0447\u0435\u043d\u0438\u0435 \u043f\u0435\u0440\u0441\u043e\u043d\u0430\u043b\u0430, \u043f\u0440\u043e\u0432\u0435\u0434\u0435\u043d\u0438\u0435 \u0441\u0435\u043c\u0438\u043d\u0430\u0440\u043e\u0432, \u043e\u043f\u0442\u0438\u043c\u0438\u0437\u0430\u0446\u0438\u044f \u043e\u0440\u0433\u0430\u043d\u0438\u0437\u0430\u0446\u0438\u043e\u043d\u043d\u043e\u0439 \u0441\u0442\u0440\u0443\u043a\u0442\u0443\u0440\u044b, \u043e\u043f\u0442\u0438\u043c\u0438\u0437\u0430\u0446\u0438\u044f \u0441\u0438\u0441\u0442\u0435\u043c\u044b \u0443\u043f\u0440\u0430\u0432\u043b\u0435\u043d\u0438\u044f,\u00a0 \u0440\u0430\u0437\u0440\u0430\u0431\u043e\u0442\u043a\u0430 \u0441\u0438\u0441\u0442\u0435\u043c \u043c\u043e\u0442\u0438\u0432\u0430\u0446\u0438\u0438 \u0438 \u0434\u0440.<\/p>\n<p>\u041a\u043e\u043d\u0441\u0430\u043b\u0442\u0438\u043d\u0433\u043e\u0432\u0430\u044f \u043f\u043e\u0434\u0434\u0435\u0440\u0436\u043a\u0430 \u043e\u0441\u0443\u0449\u0435\u0441\u0442\u0432\u043b\u044f\u0435\u0442\u0441\u044f \u043a\u0430\u043a \u043f\u043e\u0441\u0442\u043e\u044f\u043d\u043d\u044b\u043c\u0438, \u0442\u0430\u043a \u0438 \u043f\u0440\u0438\u0432\u043b\u0435\u0447\u0435\u043d\u043d\u044b\u043c\u0438 \u044d\u043a\u0441\u043f\u0435\u0440\u0442\u0430\u043c\u0438 \u0411\u0435\u0440\u043b\u0438\u043d\u0441\u043a\u043e\u0433\u043e \u0412\u0435\u0441\u0442-\u041e\u0441\u0442 \u0438\u043d\u0441\u0442\u0438\u0442\u0443\u0442\u0430 \u0441 \u0438\u0441\u043f\u043e\u043b\u044c\u0437\u043e\u0432\u0430\u043d\u0438\u0435\u043c \u0441\u0435\u0442\u0438 \u043f\u0430\u0440\u0442\u043d\u0435\u0440\u0441\u043a\u0438\u0445 \u043d\u0430\u0443\u0447\u043d\u043e-\u0438\u0441\u0441\u043b\u0435\u0434\u043e\u0432\u0430\u0442\u0435\u043b\u044c\u0441\u043a\u0438\u0445 \u0438 \u043a\u043e\u043d\u0441\u0430\u043b\u0442\u0438\u043d\u0433\u043e\u0432\u044b\u0445 \u043e\u0440\u0433\u0430\u043d\u0438\u0437\u0430\u0446\u0438\u0439. \u0421\u043e\u0441\u0442\u0430\u0432 \u0443\u0447\u0430\u0441\u0442\u043d\u0438\u043a\u043e\u0432 \u043a\u0430\u0436\u0434\u043e\u0433\u043e \u043a\u043e\u043d\u043a\u0440\u0435\u0442\u043d\u043e\u0433\u043e \u043f\u0440\u043e\u0435\u043a\u0442\u0430 \u043e\u043f\u0440\u0435\u0434\u0435\u043b\u044f\u0435\u0442\u0441\u044f \u0441 \u0443\u0447\u0435\u0442\u043e\u043c \u0441\u043f\u0435\u0446\u0438\u0444\u0438\u043a\u0438 \u0437\u0430\u043a\u0430\u0437\u0430 \u0438 \u0436\u0435\u043b\u0430\u043d\u0438\u044f \u0437\u0430\u043a\u0430\u0437\u0447\u0438\u043a\u0430.<\/p>\n","protected":false},"excerpt":{"rendered":"<p>Das West-Ost-Institut ist Ansprechpartner f\u00fcr deutsche und osteurop\u00e4ische Unternehmen in Fragen des Managements, der Kommunikation, des Branding und der Unternehmensreputation. Das Institut \u00fcbernimmt Auftr\u00e4ge f\u00fcr das Consulting, die Imageanalyse,\u00a0 die interkulturelle Begleitung osteurop\u00e4ischer Unternehmen in Deutschland und deutscher Unternehmen in Osteuropa, insbesondere in Russland, und f\u00fchrt diese Auftr\u00e4ge in der Kooperation mit Partnerhochschulen aus. Das &hellip; <a href=\"http:\/\/westost.eu\/?page_id=155\" class=\"more-link\"><span class=\"screen-reader-text\">Beratung \/ \u041a\u043e\u043d\u0441\u0430\u043b\u0442\u0438\u043d\u0433<\/span> weiterlesen<\/a><\/p>\n","protected":false},"author":1,"featured_media":0,"parent":0,"menu_order":55,"comment_status":"closed","ping_status":"closed","template":"","meta":{"footnotes":""},"class_list":["post-155","page","type-page","status-publish","hentry"],"_links":{"self":[{"href":"http:\/\/westost.eu\/index.php?rest_route=\/wp\/v2\/pages\/155","targetHints":{"allow":["GET"]}}],"collection":[{"href":"http:\/\/westost.eu\/index.php?rest_route=\/wp\/v2\/pages"}],"about":[{"href":"http:\/\/westost.eu\/index.php?rest_route=\/wp\/v2\/types\/page"}],"author":[{"embeddable":true,"href":"http:\/\/westost.eu\/index.php?rest_route=\/wp\/v2\/users\/1"}],"replies":[{"embeddable":true,"href":"http:\/\/westost.eu\/index.php?rest_route=%2Fwp%2Fv2%2Fcomments&post=155"}],"version-history":[{"count":1,"href":"http:\/\/westost.eu\/index.php?rest_route=\/wp\/v2\/pages\/155\/revisions"}],"predecessor-version":[{"id":157,"href":"http:\/\/westost.eu\/index.php?rest_route=\/wp\/v2\/pages\/155\/revisions\/157"}],"wp:attachment":[{"href":"http:\/\/westost.eu\/index.php?rest_route=%2Fwp%2Fv2%2Fmedia&parent=155"}],"curies":[{"name":"wp","href":"https:\/\/api.w.org\/{rel}","templated":true}]}}